{"id":2339,"date":"2025-03-07T17:39:24","date_gmt":"2025-03-07T16:39:24","guid":{"rendered":"https:\/\/irchelschuetzen.ch\/?page_id=2339"},"modified":"2026-03-20T15:32:43","modified_gmt":"2026-03-20T14:32:43","slug":"cercasi-aiutanti","status":"publish","type":"page","link":"https:\/\/irchelschuetzen.ch\/it\/cercasi-aiutanti\/","title":{"rendered":"Cercasi aiutanti - ZKSF 2025!"},"content":{"rendered":"<div class=\"helfer-banner\">\n    <h1>\ud83d\udea8 Cercasi aiutanti - abbiamo bisogno di VOI! \ud83d\udea8<\/h1>\n<\/div>\n\n<style>\n    .helfer-banner {\n        background: linear-gradient(45deg, #ff4500, #ffcc00);\n        color: white;\n        text-align: center;\n        font-weight: bold;\n        padding: 20px;\n        border-radius: 8px;\n        animation: flash 1.5s infinite alternate;\n        box-shadow: 0 4px 8px rgba(0, 0, 0, 0.3);\n        max-width: 100%;\n        margin: 15px auto;\n        width: 90%;\n        display: flex;\n        justify-content: center;\n        align-items: center;\n    }\n\n    .helfer-banner h1 {\n        font-size: 28px;\n        margin: 0;\n        text-transform: uppercase;\n        max-width: 90%;\n    }\n\n    @keyframes flash {\n        0% { opacity: 1; transform: scale(1); }\n        100% { opacity: 0.85; transform: scale(1.03); }\n    }\n\n    \/* Anpassung f\u00fcr Tablets *\/\n    @media (max-width: 1024px) {\n        .helfer-banner {\n            padding: 18px;\n            width: 95%;\n        }\n        .helfer-banner h1 {\n            font-size: 24px;\n        }\n    }\n\n    \/* Anpassung f\u00fcr Smartphones *\/\n    @media (max-width: 768px) {\n        .helfer-banner {\n            padding: 15px;\n            width: 100%;\n        }\n        .helfer-banner h1 {\n            font-size: 20px;\n        }\n    }\n\n    \/* Anpassung f\u00fcr sehr kleine Bildschirme *\/\n    @media (max-width: 480px) {\n        .helfer-banner {\n            padding: 12px;\n        }\n        .helfer-banner h1 {\n            font-size: 18px;\n        }\n    }\n<\/style>\n\n\n\n\n<div style=\"height:15px\" aria-hidden=\"true\" class=\"wp-block-spacer\"><\/div>\n\n\n\n<p>Ciao a tutti! \ud83d\udc4b<\/p>\n\n\n\n<p>In modo che il <strong>27\u00b0 Festival del tiro cantonale di Zurigo<\/strong> un successo completo, abbiamo bisogno di <strong>TU!<\/strong> \ud83d\udcaa Sia che abbiate esperienza, sia che vogliate semplicemente far parte di una grande squadra, stiamo cercando volontari per dare una mano.<\/p>\n\n\n\n<p><strong>Perch\u00e9 partecipare?<\/strong><br>Siete a stretto contatto con uno dei pi\u00f9 grandi eventi di tiro del Cantone.<br>\u2705 Vivere una grande comunit\u00e0 e conoscere nuove persone<br>\u2705 Il catering e la grande atmosfera sono garantiti!<\/p>\n\n\n\n<h2 class=\"wp-block-heading\"><strong>\u00c8 cos\u00ec che ci si registra:<\/strong><\/h2>\n\n\n\n<p>\ud83d\udcf2 <strong>Per la pianificazione utilizziamo HelferApp.ch.<\/strong> L\u00ec si pu\u00f2 facilmente:<br>1\ufe0f\u20e3 Registrati o accedi<br>2\ufe0f\u20e3 Selezionare il turno e l'attivit\u00e0 preferiti<br>3\ufe0f\u20e3 Confermare e partire!<\/p>\n\n\n\n<div class=\"info-box\">\n    \ud83d\udca1 Suggerimento: la pagina \u00e8 pi\u00f9 chiara su uno schermo grande (laptop o PC), in particolare il calendario dei turni \u00e8 pi\u00f9 facile da vedere.  \n    Se avete problemi con il cellulare, provate con il computer!\n<\/div>\n\n<style>\n    .info-box {\n        background-color: #f5f5f5; \/* Hellgrauer Hintergrund *\/\n        color: #555; \/* Dezente Schriftfarbe *\/\n        font-size: 14px; \/* Feine Schrift *\/\n        font-style: italic;\n        padding: 10px 15px;\n        border-left: 4px solid #ccc; \/* Dezente linke Linie *\/\n        border-radius: 5px;\n        margin: 15px 0;\n        max-width: 90%;\n    }\n<\/style>\n\n\n\n<p class=\"has-text-align-center\"><strong>Registratevi ora come volontari e visualizzate le posizioni di volontariato disponibili:<\/strong><\/p>\n\n\n\n<iframe src=\"https:\/\/irchelschuetzen.helferapp.ch\/\" width=\"100%\" height=\"800px\" style=\"border:none;\"><\/iframe>\n\n\n\n<hr class=\"wp-block-separator has-alpha-channel-opacity\"\/>\n\n\n\n<h2 class=\"wp-block-heading\"><strong>Che cos'\u00e8 la Festa del Tiro Cantonale di Zurigo 2025?<\/strong><\/h2>\n\n\n\n<p>Dal <strong>Dal 15 al 31 agosto 2025<\/strong> Il pi\u00f9 grande festival di tiro a segno di Zurigo si svolge nella bellissima <strong>Paese del vino<\/strong> si svolge. Durante tre fine settimana, tiratori provenienti da tutta la Svizzera si sfidano in varie competizioni. Oltre alla precisione e alla tradizione, l'obiettivo principale \u00e8 la socializzazione.<\/p>\n\n\n\n<p>\ud83d\udccd <strong>Posizione:<\/strong> Sch\u00fctzenhaus Berg am Irchel<br>\ud83d\udcc5 <strong>Dati:<\/strong><\/p>\n\n\n\n<ul class=\"wp-block-list\">\n<li>15-17 agosto 2025<\/li>\n\n\n\n<li>22-25 agosto 2025<\/li>\n\n\n\n<li>29-31 agosto 2025<\/li>\n<\/ul>\n\n\n\n<p>Vi aspettiamo - unitevi a noi e aiutateci a organizzare una festa indimenticabile! \ud83c\udfaf\ud83e\udd73<\/p>\n\n\n\n<hr class=\"wp-block-separator has-alpha-channel-opacity\"\/>\n\n\n\n<h3 class=\"wp-block-heading\"><strong>\ud83d\udd17 In alternativa, fare clic qui e aprire la registrazione dell'aiuto in una nuova finestra:<\/strong><\/h3>\n\n\n\n<a href=\"https:\/\/irchelschuetzen.helferapp.ch\/\" target=\"_blank\" style=\"display:inline-block; padding:10px 20px; background-color:#ff4500; color:#fff; text-decoration:none; font-weight:bold; border-radius:5px;\" rel=\"noopener noreferrer nofollow\">Registrati ora \ud83d\ude80<\/a>","protected":false},"excerpt":{"rendered":"<p>\ud83d\udea8 Helfer gesucht \u2013 Wir brauchen DICH! \ud83d\udea8 Hallo zusammen! \ud83d\udc4b Damit das 27. Z\u00fcrcher Kantonalsch\u00fctzenfest ein voller Erfolg wird, brauchen wir DICH! \ud83d\udcaa Egal, ob du Erfahrung hast oder &#8230; <a title=\"Cercasi aiutanti - ZKSF 2025!\" class=\"read-more\" href=\"https:\/\/irchelschuetzen.ch\/it\/cercasi-aiutanti\/\" aria-label=\"Per saperne di pi\u00f9 su Helfer gesucht \u2013 ZKSF 2025!\">Leggi tutto<\/a><\/p>","protected":false},"author":1,"featured_media":0,"parent":0,"menu_order":0,"comment_status":"closed","ping_status":"closed","template":"","meta":{"_uag_custom_page_level_css":"","footnotes":""},"class_list":["post-2339","page","type-page","status-publish"],"spectra_custom_meta":{"_edit_lock":["1741474366:1"],"_edit_last":["1"],"_aioseo_title":["Werde Helfer beim Z\u00fcrcher Kantonalsch\u00fctzenfest 2025"],"_aioseo_description":["Sei mittendrin statt nur dabei! Werde Helfer beim Z\u00fcrcher Kantonalsch\u00fctzenfest 2025 und erlebe Action, Gemeinschaft &amp; Spass. Jetzt mitmachen!"],"_aioseo_keywords":["a:0:{}"],"_aioseo_og_title":[null],"_aioseo_og_description":[null],"_aioseo_og_article_section":[""],"_aioseo_og_article_tags":["a:0:{}"],"_aioseo_twitter_title":[null],"_aioseo_twitter_description":[null],"_generate-disable-headline":["true"],"_eael_post_view_count":["1"],"_eb_reusable_block_ids":["a:0:{}"],"rank_math_internal_links_processed":["1"],"_uag_css_file_name":["uag-css-2339.css"],"_uag_page_assets":["a:9:{s:3:\"css\";s:263:\".uag-blocks-common-selector{z-index:var(--z-index-desktop) !important}@media (max-width: 976px){.uag-blocks-common-selector{z-index:var(--z-index-tablet) !important}}@media (max-width: 767px){.uag-blocks-common-selector{z-index:var(--z-index-mobile) !important}}\n\";s:2:\"js\";s:0:\"\";s:18:\"current_block_list\";a:13:{i:0;s:9:\"core\/html\";i:1;s:11:\"core\/spacer\";i:2;s:14:\"core\/paragraph\";i:3;s:12:\"core\/heading\";i:4;s:14:\"core\/separator\";i:5;s:9:\"core\/list\";i:6;s:14:\"core\/list-item\";i:7;s:10:\"core\/group\";i:8;s:12:\"core\/columns\";i:9;s:11:\"core\/column\";i:12;s:14:\"core\/pullquote\";i:13;s:9:\"core\/code\";i:14;s:10:\"core\/image\";}s:8:\"uag_flag\";b:0;s:11:\"uag_version\";s:10:\"1775010099\";s:6:\"gfonts\";a:0:{}s:10:\"gfonts_url\";s:0:\"\";s:12:\"gfonts_files\";a:0:{}s:14:\"uag_faq_layout\";b:0;}"]},"uagb_featured_image_src":{"full":false,"thumbnail":false,"medium":false,"medium_large":false,"large":false,"1536x1536":false,"2048x2048":false,"trp-custom-language-flag":false},"uagb_author_info":{"display_name":"irchel-admin","author_link":"https:\/\/irchelschuetzen.ch\/it\/author\/admin\/"},"uagb_comment_info":0,"uagb_excerpt":"\ud83d\udea8 Helfer gesucht \u2013 Wir brauchen DICH! \ud83d\udea8 Hallo zusammen! \ud83d\udc4b Damit das 27. Z\u00fcrcher Kantonalsch\u00fctzenfest ein voller Erfolg wird, brauchen wir DICH! \ud83d\udcaa Egal, ob du Erfahrung hast oder ... Leggi tutto","_links":{"self":[{"href":"https:\/\/irchelschuetzen.ch\/it\/wp-json\/wp\/v2\/pages\/2339","targetHints":{"allow":["GET"]}}],"collection":[{"href":"https:\/\/irchelschuetzen.ch\/it\/wp-json\/wp\/v2\/pages"}],"about":[{"href":"https:\/\/irchelschuetzen.ch\/it\/wp-json\/wp\/v2\/types\/page"}],"author":[{"embeddable":true,"href":"https:\/\/irchelschuetzen.ch\/it\/wp-json\/wp\/v2\/users\/1"}],"replies":[{"embeddable":true,"href":"https:\/\/irchelschuetzen.ch\/it\/wp-json\/wp\/v2\/comments?post=2339"}],"version-history":[{"count":11,"href":"https:\/\/irchelschuetzen.ch\/it\/wp-json\/wp\/v2\/pages\/2339\/revisions"}],"predecessor-version":[{"id":2425,"href":"https:\/\/irchelschuetzen.ch\/it\/wp-json\/wp\/v2\/pages\/2339\/revisions\/2425"}],"wp:attachment":[{"href":"https:\/\/irchelschuetzen.ch\/it\/wp-json\/wp\/v2\/media?parent=2339"}],"curies":[{"name":"wp","href":"https:\/\/api.w.org\/{rel}","templated":true}]}}