{"id":14,"date":"2016-12-10T16:34:36","date_gmt":"2016-12-10T16:34:36","guid":{"rendered":"http:\/\/www.irchelschuetzen.ch\/?page_id=14"},"modified":"2026-03-20T15:32:43","modified_gmt":"2026-03-20T14:32:43","slug":"statuto","status":"publish","type":"page","link":"https:\/\/irchelschuetzen.ch\/it\/chi-siamo\/statuto\/","title":{"rendered":"Statuti"},"content":{"rendered":"<p>Scoprite la struttura, gli obiettivi e i regolamenti del nostro club, che costituiscono la base della vita comune del club Irchelsch\u00fctzen Berg-Buch. Il nostro statuto garantisce trasparenza, correttezza e senso di comunit\u00e0.<\/p>\n\n\n\n<p>\n  <a href=\"http:\/\/www.irchelschuetzen.ch\/wp-content\/uploads\/Statuten_Irchelschuetzen-Berg-Buch.pdf\" \n     target=\"_blank\" \n     rel=\"noopener noreferrer nofollow\"\n     style=\"background-color: #2a5d89; color: #ffffff; padding: 10px 20px; text-decoration: none; border-radius: 5px; font-weight: bold;\">\n     \ud83d\udcc4 Scaricare gli statuti\n  <\/a>\n<\/p>","protected":false},"excerpt":{"rendered":"<p>Scoprite la struttura, gli obiettivi e i regolamenti del nostro club, che costituiscono la base della vita comune del club Irchelsch\u00fctzen Berg-Buch. Il nostro statuto garantisce trasparenza, correttezza e senso di comunit\u00e0. \ud83d\udcc4 Scarica lo statuto<\/p>","protected":false},"author":1,"featured_media":0,"parent":5,"menu_order":80,"comment_status":"closed","ping_status":"closed","template":"","meta":{"_uag_custom_page_level_css":"","footnotes":""},"class_list":["post-14","page","type-page","status-publish"],"spectra_custom_meta":{"_edit_lock":["1741223045:1"],"_edit_last":["1"],"_wp_page_template":["default"],"_aioseo_title":[null],"_aioseo_description":[null],"_aioseo_keywords":["a:0:{}"],"_aioseo_og_title":[null],"_aioseo_og_description":[null],"_aioseo_og_article_section":[""],"_aioseo_og_article_tags":["a:0:{}"],"_aioseo_twitter_title":[null],"_aioseo_twitter_description":[null],"rank_math_internal_links_processed":["1"],"_uag_css_file_name":["uag-css-14.css"],"_uag_page_assets":["a:9:{s:3:\"css\";s:263:\".uag-blocks-common-selector{z-index:var(--z-index-desktop) !important}@media (max-width: 976px){.uag-blocks-common-selector{z-index:var(--z-index-tablet) !important}}@media (max-width: 767px){.uag-blocks-common-selector{z-index:var(--z-index-mobile) !important}}\n\";s:2:\"js\";s:0:\"\";s:18:\"current_block_list\";a:11:{i:0;s:14:\"core\/paragraph\";i:1;s:9:\"core\/html\";i:2;s:12:\"core\/heading\";i:3;s:10:\"core\/group\";i:4;s:12:\"core\/columns\";i:5;s:11:\"core\/column\";i:6;s:9:\"core\/list\";i:8;s:14:\"core\/list-item\";i:11;s:14:\"core\/pullquote\";i:12;s:9:\"core\/code\";i:13;s:10:\"core\/image\";}s:8:\"uag_flag\";b:0;s:11:\"uag_version\";s:10:\"1775010099\";s:6:\"gfonts\";a:0:{}s:10:\"gfonts_url\";s:0:\"\";s:12:\"gfonts_files\";a:0:{}s:14:\"uag_faq_layout\";b:0;}"],"_uagb_previous_block_counts":["a:90:{s:21:\"uagb\/advanced-heading\";i:0;s:15:\"uagb\/blockquote\";i:0;s:12:\"uagb\/buttons\";i:0;s:18:\"uagb\/buttons-child\";i:0;s:19:\"uagb\/call-to-action\";i:0;s:15:\"uagb\/cf7-styler\";i:0;s:11:\"uagb\/column\";i:0;s:12:\"uagb\/columns\";i:0;s:14:\"uagb\/container\";i:0;s:21:\"uagb\/content-timeline\";i:0;s:27:\"uagb\/content-timeline-child\";i:0;s:14:\"uagb\/countdown\";i:0;s:12:\"uagb\/counter\";i:0;s:8:\"uagb\/faq\";i:0;s:14:\"uagb\/faq-child\";i:0;s:10:\"uagb\/forms\";i:0;s:17:\"uagb\/forms-accept\";i:0;s:19:\"uagb\/forms-checkbox\";i:0;s:15:\"uagb\/forms-date\";i:0;s:16:\"uagb\/forms-email\";i:0;s:17:\"uagb\/forms-hidden\";i:0;s:15:\"uagb\/forms-name\";i:0;s:16:\"uagb\/forms-phone\";i:0;s:16:\"uagb\/forms-radio\";i:0;s:17:\"uagb\/forms-select\";i:0;s:19:\"uagb\/forms-textarea\";i:0;s:17:\"uagb\/forms-toggle\";i:0;s:14:\"uagb\/forms-url\";i:0;s:14:\"uagb\/gf-styler\";i:0;s:15:\"uagb\/google-map\";i:0;s:11:\"uagb\/how-to\";i:0;s:16:\"uagb\/how-to-step\";i:0;s:9:\"uagb\/icon\";i:0;s:14:\"uagb\/icon-list\";i:0;s:20:\"uagb\/icon-list-child\";i:0;s:10:\"uagb\/image\";i:0;s:18:\"uagb\/image-gallery\";i:0;s:13:\"uagb\/info-box\";i:0;s:18:\"uagb\/inline-notice\";i:0;s:11:\"uagb\/lottie\";i:0;s:21:\"uagb\/marketing-button\";i:0;s:10:\"uagb\/modal\";i:0;s:18:\"uagb\/popup-builder\";i:0;s:16:\"uagb\/post-button\";i:0;s:18:\"uagb\/post-carousel\";i:0;s:17:\"uagb\/post-excerpt\";i:0;s:14:\"uagb\/post-grid\";i:0;s:15:\"uagb\/post-image\";i:0;s:17:\"uagb\/post-masonry\";i:0;s:14:\"uagb\/post-meta\";i:0;s:18:\"uagb\/post-taxonomy\";i:0;s:18:\"uagb\/post-timeline\";i:0;s:15:\"uagb\/post-title\";i:0;s:20:\"uagb\/restaurant-menu\";i:0;s:26:\"uagb\/restaurant-menu-child\";i:0;s:11:\"uagb\/review\";i:0;s:12:\"uagb\/section\";i:0;s:14:\"uagb\/separator\";i:0;s:11:\"uagb\/slider\";i:0;s:17:\"uagb\/slider-child\";i:0;s:17:\"uagb\/social-share\";i:0;s:23:\"uagb\/social-share-child\";i:0;s:16:\"uagb\/star-rating\";i:0;s:23:\"uagb\/sure-cart-checkout\";i:0;s:22:\"uagb\/sure-cart-product\";i:0;s:15:\"uagb\/sure-forms\";i:0;s:22:\"uagb\/table-of-contents\";i:0;s:9:\"uagb\/tabs\";i:0;s:15:\"uagb\/tabs-child\";i:0;s:18:\"uagb\/taxonomy-list\";i:0;s:9:\"uagb\/team\";i:0;s:16:\"uagb\/testimonial\";i:0;s:14:\"uagb\/wp-search\";i:0;s:19:\"uagb\/instagram-feed\";i:0;s:10:\"uagb\/login\";i:0;s:17:\"uagb\/loop-builder\";i:0;s:18:\"uagb\/loop-category\";i:0;s:20:\"uagb\/loop-pagination\";i:0;s:15:\"uagb\/loop-reset\";i:0;s:16:\"uagb\/loop-search\";i:0;s:14:\"uagb\/loop-sort\";i:0;s:17:\"uagb\/loop-wrapper\";i:0;s:13:\"uagb\/register\";i:0;s:19:\"uagb\/register-email\";i:0;s:24:\"uagb\/register-first-name\";i:0;s:23:\"uagb\/register-last-name\";i:0;s:22:\"uagb\/register-password\";i:0;s:30:\"uagb\/register-reenter-password\";i:0;s:19:\"uagb\/register-terms\";i:0;s:22:\"uagb\/register-username\";i:0;}"]},"uagb_featured_image_src":{"full":false,"thumbnail":false,"medium":false,"medium_large":false,"large":false,"1536x1536":false,"2048x2048":false,"trp-custom-language-flag":false},"uagb_author_info":{"display_name":"irchel-admin","author_link":"https:\/\/irchelschuetzen.ch\/it\/author\/admin\/"},"uagb_comment_info":0,"uagb_excerpt":"Erfahre mehr \u00fcber unsere Vereinsstruktur, Ziele und Regelungen, die die Grundlage f\u00fcr das gemeinsame Vereinsleben der Irchelsch\u00fctzen Berg-Buch bilden. Unsere Statuten sorgen f\u00fcr Transparenz, Fairness und Gemeinschaftssinn. \ud83d\udcc4 Statuten herunterladen","_links":{"self":[{"href":"https:\/\/irchelschuetzen.ch\/it\/wp-json\/wp\/v2\/pages\/14","targetHints":{"allow":["GET"]}}],"collection":[{"href":"https:\/\/irchelschuetzen.ch\/it\/wp-json\/wp\/v2\/pages"}],"about":[{"href":"https:\/\/irchelschuetzen.ch\/it\/wp-json\/wp\/v2\/types\/page"}],"author":[{"embeddable":true,"href":"https:\/\/irchelschuetzen.ch\/it\/wp-json\/wp\/v2\/users\/1"}],"replies":[{"embeddable":true,"href":"https:\/\/irchelschuetzen.ch\/it\/wp-json\/wp\/v2\/comments?post=14"}],"version-history":[{"count":6,"href":"https:\/\/irchelschuetzen.ch\/it\/wp-json\/wp\/v2\/pages\/14\/revisions"}],"predecessor-version":[{"id":2330,"href":"https:\/\/irchelschuetzen.ch\/it\/wp-json\/wp\/v2\/pages\/14\/revisions\/2330"}],"up":[{"embeddable":true,"href":"https:\/\/irchelschuetzen.ch\/it\/wp-json\/wp\/v2\/pages\/5"}],"wp:attachment":[{"href":"https:\/\/irchelschuetzen.ch\/it\/wp-json\/wp\/v2\/media?parent=14"}],"curies":[{"name":"wp","href":"https:\/\/api.w.org\/{rel}","templated":true}]}}