{"id":56,"date":"2018-03-13T18:09:34","date_gmt":"2018-03-13T17:09:34","guid":{"rendered":"http:\/\/www.irchelschuetzen.ch\/?page_id=56"},"modified":"2026-03-20T15:32:43","modified_gmt":"2026-03-20T14:32:43","slug":"schuetzenhaus","status":"publish","type":"page","link":"https:\/\/irchelschuetzen.ch\/fr\/a-propos-de-nous\/schuetzenhaus\/","title":{"rendered":"Notre maison de tir"},"content":{"rendered":"<div class=\"schuetzenhaus-banner\">\n    <h1>Sch\u00fctzenhaus Berg-Buch - Notre maison pour la pr\u00e9cision &amp; la communaut\u00e9 \ud83c\udfaf<\/h1>\n<\/div>\n\n<style>\n    .schuetzenhaus-banner {\n        background: rgb(33, 102, 186); \/* Blau passend zur Thematik *\/\n        color: white;\n        text-align: center;\n        padding: 30px;\n        width: 100%;\n        max-width: 100%;\n        border-radius: 8px;\n        box-shadow: 0 4px 10px rgba(0, 0, 0, 0.2);\n        display: flex;\n        justify-content: center;\n        align-items: center;\n        font-family: Arial, sans-serif;\n    }\n\n    .schuetzenhaus-banner h1 {\n        font-size: 30px;\n        font-weight: bold;\n        margin: 0;\n        max-width: 90%;\n    }\n\n    \/* Anpassungen f\u00fcr Tablets *\/\n    @media (max-width: 1024px) {\n        .schuetzenhaus-banner {\n            padding: 25px;\n        }\n        .schuetzenhaus-banner h1 {\n            font-size: 26px;\n        }\n    }\n\n    \/* Anpassungen f\u00fcr Smartphones *\/\n    @media (max-width: 768px) {\n        .schuetzenhaus-banner {\n            padding: 20px;\n        }\n        .schuetzenhaus-banner h1 {\n            font-size: 22px;\n        }\n    }\n\n    \/* Anpassungen f\u00fcr sehr kleine Bildschirme *\/\n    @media (max-width: 480px) {\n        .schuetzenhaus-banner {\n            padding: 15px;\n        }\n        .schuetzenhaus-banner h1 {\n            font-size: 20px;\n        }\n    }\n<\/style>\n\n\n\n<div style=\"height:30px\" aria-hidden=\"true\" class=\"wp-block-spacer\"><\/div>\n\n\n\n<p>Le site <strong>Maison de tir Berg-Buch<\/strong> est plus qu'un simple stand de tir - c'est notre maison commune pour <strong>Tradition, sport et camaraderie<\/strong>. Les tireurs de toutes les g\u00e9n\u00e9rations s'y retrouvent pour se mesurer, s'entra\u00eener et passer des moments conviviaux dans notre <strong>Salle de tir<\/strong> de passer<\/p>\n\n\n\n<div class=\"wp-block-columns is-layout-flex wp-container-core-columns-is-layout-9d6595d7 wp-block-columns-is-layout-flex\">\n<div class=\"wp-block-column is-layout-flow wp-block-column-is-layout-flow\">\n<figure class=\"wp-block-image size-large\"><img decoding=\"async\" width=\"1024\" height=\"524\" src=\"https:\/\/irchelschuetzen.ch\/wp-content\/uploads\/cropped-P1010318-1-1024x524.jpg\" alt=\"\" class=\"wp-image-761\" srcset=\"https:\/\/irchelschuetzen.ch\/wp-content\/uploads\/cropped-P1010318-1-1024x524.jpg 1024w, https:\/\/irchelschuetzen.ch\/wp-content\/uploads\/cropped-P1010318-1-300x154.jpg 300w, https:\/\/irchelschuetzen.ch\/wp-content\/uploads\/cropped-P1010318-1-768x393.jpg 768w, https:\/\/irchelschuetzen.ch\/wp-content\/uploads\/cropped-P1010318-1.jpg 2000w\" sizes=\"(max-width: 1024px) 100vw, 1024px\" \/><\/figure>\n<\/div>\n\n\n\n<div class=\"wp-block-column is-layout-flow wp-block-column-is-layout-flow\">\n<div style=\"position: relative; padding-bottom: 56.25%; height: 0; overflow: hidden; max-width: 100%; height: auto;\">\n    <iframe \n        src=\"https:\/\/map.geo.admin.ch\/#\/embed?lang=de&#038;center=2686586.53,1269262.07&#038;z=10&#038;topic=ech&#038;layers=ch.swisstopo.zeitreihen@year=1864,f;ch.bfs.gebaeude_wohnungs_register,f;ch.bav.haltestellen-oev,f;ch.swisstopo.swisstlm3d-wanderwege,f;ch.vbs.schiessanzeigen,f;ch.astra.wanderland-sperrungen_umleitungen,f;KML%7Chttps:\/\/public.geo.admin.ch\/api\/kml\/files\/lnCHo9UmTcmjfJiBasSj_w&#038;bgLayer=ch.swisstopo.swissimage\" \n        style=\"border: 0; position: absolute; top: 0; left: 0; width: 100%; height: 100%;\" \n        allow=\"geolocation\">\n    <\/iframe>\n<\/div>\n<\/div>\n<\/div>\n\n\n\n<hr class=\"wp-block-separator has-alpha-channel-opacity\"\/>\n\n\n\n<h2 class=\"wp-block-heading\"><strong>\ud83c\udfd7\ufe0f Construit avec le c\u0153ur - Notre histoire<\/strong><\/h2>\n\n\n\n<p>Notre maison de tir est le r\u00e9sultat <strong>contribution propre exceptionnelle<\/strong>. Gr\u00e2ce \u00e0 des membres de l'association engag\u00e9s et \u00e0 des partenaires <strong>la planification et la construction d'installations de tir<\/strong> nous avons pu le construire avec beaucoup de d\u00e9vouement.<\/p>\n\n\n\n<ul class=\"wp-block-list\">\n<li><strong>\u0152uvre commune :<\/strong> Gr\u00e2ce \u00e0 l'engagement infatigable de nos membres, un stand de tir moderne, fonctionnel et confortable a vu le jour.<\/li>\n\n\n\n<li><strong>Lieu de rencontre populaire :<\/strong> Depuis son ouverture, la maison est tr\u00e8s utilis\u00e9e - non seulement par nous, les tireurs, mais aussi par les locataires des <strong>Salle de tir<\/strong> pour des \u00e9v\u00e9nements priv\u00e9s.<\/li>\n\n\n\n<li><strong>Maintenance durable :<\/strong> Pour que notre maison dure longtemps, nous investissons <strong>en permanence ressources propres<\/strong> ainsi que <strong>Soutiens des communes de Berg et Buch<\/strong> dans l'entretien.<\/li>\n<\/ul>\n\n\n\n<p>Nous sommes fiers de notre maison de tir et nous mettons tout en \u0153uvre pour la pr\u00e9server pour les g\u00e9n\u00e9rations futures !<\/p>\n\n\n\n<hr class=\"wp-block-separator has-alpha-channel-opacity\"\/>\n\n\n\n<h2 class=\"wp-block-heading\"><strong>\ud83c\udfaf Notre installation de tir - Pr\u00e9cision &amp; s\u00e9curit\u00e9<\/strong><\/h2>\n\n\n\n<p>Notre site <strong>Installation de tir \u00e0 300 m\u00e8tres avec huit pistes<\/strong> est associ\u00e9 \u00e0 <strong>Indicateur de touche SIUS SA9005<\/strong> et un <strong>Syst\u00e8me de ramassage des balles Schurter<\/strong> tous deux des syst\u00e8mes \u00e9prouv\u00e9s pour une <strong>d\u00e9tection exacte des coups et s\u00e9curit\u00e9 maximale<\/strong>.<\/p>\n\n\n\n<h3 class=\"wp-block-heading\"><strong>\ud83d\udd39 SIUS SA9005 - Hits en temps r\u00e9el<\/strong><\/h3>\n\n\n\n<p>\u2705 <strong>\u00c9valuation instantan\u00e9e des tirs<\/strong> - Pas de retards, un feedback direct.<br>\u2705 <strong>Pr\u00e9cision de mesure maximale<\/strong> - D\u00e9tection fiable pour l'entra\u00eenement et la comp\u00e9tition.<br>\u2705 <strong>Parfait pour l'entra\u00eenement<\/strong> - Le feedback direct permet des am\u00e9liorations cibl\u00e9es.<\/p>\n\n\n\n<p>\ud83d\udccc <em>En savoir plus sur <strong>SIUS SA9005<\/strong>: <a href=\"https:\/\/www.sius.com\/en\/product-page\/sa9005\" target=\"_blank\" rel=\"noreferrer noopener\">SIUS SA9005 Page de produit<\/a><\/em><\/p>\n\n\n\n<h3 class=\"wp-block-heading\"><strong>\ud83d\udd39 Syst\u00e8me de ramassage des balles Schurter - Efficace &amp; peu d'entretien<\/strong><\/h3>\n\n\n\n<p>Notre <strong>Syst\u00e8me de ramassage des balles Schurter<\/strong> assure une s\u00e9curit\u00e9 maximale et est particuli\u00e8rement facile \u00e0 entretenir :<\/p>\n\n\n\n<p>\ud83d\udd38 <strong>Pas besoin de produit de remplissage<\/strong> - Des \u00e9l\u00e9ments sp\u00e9ciaux en acier d\u00e9vient les projectiles en toute s\u00e9curit\u00e9.<br>\ud83d\udd38 <strong>R\u00e9duction du bruit<\/strong> - L'amortissement int\u00e9gr\u00e9 permet de r\u00e9duire le bruit.<br>\ud83d\udd38 <strong>Absorption effective de l'\u00e9nergie des projectiles<\/strong> - R\u00e9duction s\u00fbre de l'\u00e9nergie sans \u00e9clats en retour.<\/p>\n\n\n\n<p>\ud83d\udccc <em>En savoir plus sur <strong>Syst\u00e8me de ramassage des balles Schurter<\/strong>: <a href=\"https:\/\/marep-ag.ch\/kugelfang\/\" target=\"_blank\" rel=\"noreferrer noopener\">MaRep KFS AG - Syst\u00e8mes pare-balles Schurter<\/a><\/em><\/p>\n\n\n\n<hr class=\"wp-block-separator has-alpha-channel-opacity\"\/>\n\n\n\n<h2 class=\"wp-block-heading\"><strong>\ud83d\udd27 Entretien et maintenance - Notre pr\u00e9sident met la main \u00e0 la p\u00e2te<\/strong><\/h2>\n\n\n\n<p>Pour que notre stand de tir <strong>fonctionne de mani\u00e8re fiable \u00e0 tout moment<\/strong>elle sera <strong>contr\u00f4l\u00e9s et entretenus r\u00e9guli\u00e8rement<\/strong> - et ce, en personne, par notre <strong>Pr\u00e9sidents d'associations<\/strong>. Gr\u00e2ce \u00e0 son savoir-faire technique et \u00e0 son engagement, il s'assure que l'installation <strong>toujours en parfait \u00e9tat<\/strong> est<\/p>\n\n\n\n<hr class=\"wp-block-separator has-alpha-channel-opacity\"\/>\n\n\n\n<h2 class=\"wp-block-heading\"><strong>\ud83c\udfc6 Des conditions parfaites pour les comp\u00e9titions &amp; l'entra\u00eenement<\/strong><\/h2>\n\n\n\n<p>Que ce soit pour la comp\u00e9tition ou l'entra\u00eenement, tu trouveras chez nous les <strong>conditions optimales pour le tir sportif<\/strong>. Et apr\u00e8s le tir ? Tout simplement dans la <strong>Salle de tir<\/strong> s'asseoir ensemble et terminer la journ\u00e9e.<\/p>\n\n\n\n<p>\ud83d\udccd <strong>Viens d\u00e9couvrir le tir sportif au plus haut niveau - nous nous r\u00e9jouissons de t'accueillir !<\/strong> \ud83d\ude80\ud83c\udfaf<\/p>\n\n\n\n<div class=\"mitgliedschaft-infobox\">\n    <h3>Int\u00e9ress\u00e9(e) par le tir sportif ?<\/h3>\n    <p>D\u00e9couvre la fascination du tir au sein d'une communaut\u00e9 de personnes partageant les m\u00eames id\u00e9es. Notre stand de tir moderne situ\u00e9 dans le Weinland zurichois offre des conditions id\u00e9ales pour l'entra\u00eenement et les rencontres conviviales. Que tu sois d\u00e9butant ou tireur exp\u00e9riment\u00e9, tu es le bienvenu chez nous !<\/p>\n    <a href=\"\/fr\/devenir-membre\/\" class=\"cta-button\">En savoir plus<\/a>\n<\/div>\n\n<style>\n    \/* Scoped Css f\u00fcr die Mitgliedschaft-Infobox *\/\n    .mitgliedschaft-infobox {\n        background-color: #f9f9f9;\n        background-image: url('https:\/\/irchelschuetzen.ch\/wp-content\/uploads\/2025\/03\/ISBB_Logo_transparent.png'); \/* Hintergrundbild *\/\n        background-position: center; \/* Bild zentrieren *\/\n        background-repeat: no-repeat; \/* Bild nicht wiederholen *\/\n        background-size: 150px; \/* Gr\u00f6sse des Logos anpassen *\/\n        border: 1px solid #ddd;\n        padding: 20px;\n        margin-top: 30px;\n        border-radius: 8px;\n        text-align: center;\n        font-family: Arial, sans-serif;\n        position: relative; \/* F\u00fcr Overlay-Effekt *\/\n        overflow: hidden; \/* Verhindert \u00dcberlappungen *\/\n    }\n\n    \/* Overlay, um den Text besser lesbar zu machen *\/\n    .mitgliedschaft-infobox::before {\n        content: '';\n        position: absolute;\n        top: 0;\n        left: 0;\n        right: 0;\n        bottom: 0;\n        background-color: rgba(249, 249, 249, 0.8); \/* Leichter weisser Overlay *\/\n        z-index: 1;\n    }\n\n    \/* Stile f\u00fcr den Text und den Button *\/\n    .mitgliedschaft-infobox h3,\n    .mitgliedschaft-infobox p,\n    .mitgliedschaft-infobox .cta-button {\n        position: relative; \/* Text \u00fcber dem Overlay *\/\n        z-index: 2;\n    }\n\n    .mitgliedschaft-infobox h3 {\n        margin-top: 0;\n        color: #333;\n    }\n\n    .mitgliedschaft-infobox p {\n        color: #555;\n        line-height: 1.6;\n    }\n\n    .mitgliedschaft-infobox .cta-button {\n        display: inline-block;\n        margin-top: 15px;\n        padding: 10px 20px;\n        background-color: #1e73be;\n        color: #fff;\n        text-decoration: none;\n        border-radius: 5px;\n        transition: background-color 0.3s ease;\n    }\n\n    .mitgliedschaft-infobox .cta-button:hover {\n        background-color: #154a8a;\n    }\n<\/style>","protected":false},"excerpt":{"rendered":"<p>Maison de tir Berg-Buch - Notre maison pour la pr\u00e9cision &amp; la communaut\u00e9 \ud83c\udfaf La maison de tir Berg-Buch est plus qu'un simple stand de tir - c'est notre maison commune pour la tradition, le sport et la camaraderie. ... <a title=\"Notre maison de tir\" class=\"read-more\" href=\"https:\/\/irchelschuetzen.ch\/fr\/a-propos-de-nous\/schuetzenhaus\/\" aria-label=\"En savoir plus sur Unser Sch\u00fctzenhaus\">Lire la suite<\/a><\/p>","protected":false},"author":1,"featured_media":0,"parent":5,"menu_order":30,"comment_status":"closed","ping_status":"closed","template":"","meta":{"_uag_custom_page_level_css":"","footnotes":""},"class_list":["post-56","page","type-page","status-publish"],"spectra_custom_meta":{"_edit_last":["1"],"_edit_lock":["1741825623:1"],"_wp_page_template":["default"],"_aioseo_title":[null],"_aioseo_description":["Das Sch\u00fctzenhaus Berg-Buch: Moderne 300m-Schiessanlage mit pr\u00e4ziser Trefferanzeige und Schurter Kugelfangsystem. Erfahre mehr \u00fcber unsere Geschichte!"],"_aioseo_keywords":["a:0:{}"],"_aioseo_og_title":[null],"_aioseo_og_description":[null],"_aioseo_og_article_section":[""],"_aioseo_og_article_tags":["a:0:{}"],"_aioseo_twitter_title":[null],"_aioseo_twitter_description":[null],"_generate-disable-headline":["true"],"_eael_post_view_count":["2"],"rank_math_og_content_image":["a:2:{s:5:\"check\";s:32:\"6aaa2df690eaf9abcaf8101c9a9c01cc\";s:6:\"images\";a:1:{i:0;i:761;}}"],"rank_math_internal_links_processed":["1"],"_uag_css_file_name":["uag-css-56.css"],"_uag_page_assets":["a:9:{s:3:\"css\";s:263:\".uag-blocks-common-selector{z-index:var(--z-index-desktop) !important}@media (max-width: 976px){.uag-blocks-common-selector{z-index:var(--z-index-tablet) !important}}@media (max-width: 767px){.uag-blocks-common-selector{z-index:var(--z-index-mobile) !important}}\n\";s:2:\"js\";s:0:\"\";s:18:\"current_block_list\";a:13:{i:0;s:9:\"core\/html\";i:1;s:11:\"core\/spacer\";i:2;s:14:\"core\/paragraph\";i:3;s:12:\"core\/columns\";i:4;s:11:\"core\/column\";i:5;s:10:\"core\/image\";i:6;s:14:\"core\/separator\";i:7;s:12:\"core\/heading\";i:8;s:9:\"core\/list\";i:9;s:14:\"core\/list-item\";i:10;s:10:\"core\/group\";i:13;s:14:\"core\/pullquote\";i:14;s:9:\"core\/code\";}s:8:\"uag_flag\";b:0;s:11:\"uag_version\";s:10:\"1775010099\";s:6:\"gfonts\";a:0:{}s:10:\"gfonts_url\";s:0:\"\";s:12:\"gfonts_files\";a:0:{}s:14:\"uag_faq_layout\";b:0;}"],"_uagb_previous_block_counts":["a:90:{s:21:\"uagb\/advanced-heading\";i:0;s:15:\"uagb\/blockquote\";i:0;s:12:\"uagb\/buttons\";i:0;s:18:\"uagb\/buttons-child\";i:0;s:19:\"uagb\/call-to-action\";i:0;s:15:\"uagb\/cf7-styler\";i:0;s:11:\"uagb\/column\";i:0;s:12:\"uagb\/columns\";i:0;s:14:\"uagb\/container\";i:0;s:21:\"uagb\/content-timeline\";i:0;s:27:\"uagb\/content-timeline-child\";i:0;s:14:\"uagb\/countdown\";i:0;s:12:\"uagb\/counter\";i:0;s:8:\"uagb\/faq\";i:0;s:14:\"uagb\/faq-child\";i:0;s:10:\"uagb\/forms\";i:0;s:17:\"uagb\/forms-accept\";i:0;s:19:\"uagb\/forms-checkbox\";i:0;s:15:\"uagb\/forms-date\";i:0;s:16:\"uagb\/forms-email\";i:0;s:17:\"uagb\/forms-hidden\";i:0;s:15:\"uagb\/forms-name\";i:0;s:16:\"uagb\/forms-phone\";i:0;s:16:\"uagb\/forms-radio\";i:0;s:17:\"uagb\/forms-select\";i:0;s:19:\"uagb\/forms-textarea\";i:0;s:17:\"uagb\/forms-toggle\";i:0;s:14:\"uagb\/forms-url\";i:0;s:14:\"uagb\/gf-styler\";i:0;s:15:\"uagb\/google-map\";i:0;s:11:\"uagb\/how-to\";i:0;s:16:\"uagb\/how-to-step\";i:0;s:9:\"uagb\/icon\";i:0;s:14:\"uagb\/icon-list\";i:0;s:20:\"uagb\/icon-list-child\";i:0;s:10:\"uagb\/image\";i:0;s:18:\"uagb\/image-gallery\";i:0;s:13:\"uagb\/info-box\";i:0;s:18:\"uagb\/inline-notice\";i:0;s:11:\"uagb\/lottie\";i:0;s:21:\"uagb\/marketing-button\";i:0;s:10:\"uagb\/modal\";i:0;s:18:\"uagb\/popup-builder\";i:0;s:16:\"uagb\/post-button\";i:0;s:18:\"uagb\/post-carousel\";i:0;s:17:\"uagb\/post-excerpt\";i:0;s:14:\"uagb\/post-grid\";i:0;s:15:\"uagb\/post-image\";i:0;s:17:\"uagb\/post-masonry\";i:0;s:14:\"uagb\/post-meta\";i:0;s:18:\"uagb\/post-taxonomy\";i:0;s:18:\"uagb\/post-timeline\";i:0;s:15:\"uagb\/post-title\";i:0;s:20:\"uagb\/restaurant-menu\";i:0;s:26:\"uagb\/restaurant-menu-child\";i:0;s:11:\"uagb\/review\";i:0;s:12:\"uagb\/section\";i:0;s:14:\"uagb\/separator\";i:0;s:11:\"uagb\/slider\";i:0;s:17:\"uagb\/slider-child\";i:0;s:17:\"uagb\/social-share\";i:0;s:23:\"uagb\/social-share-child\";i:0;s:16:\"uagb\/star-rating\";i:0;s:23:\"uagb\/sure-cart-checkout\";i:0;s:22:\"uagb\/sure-cart-product\";i:0;s:15:\"uagb\/sure-forms\";i:0;s:22:\"uagb\/table-of-contents\";i:0;s:9:\"uagb\/tabs\";i:0;s:15:\"uagb\/tabs-child\";i:0;s:18:\"uagb\/taxonomy-list\";i:0;s:9:\"uagb\/team\";i:0;s:16:\"uagb\/testimonial\";i:0;s:14:\"uagb\/wp-search\";i:0;s:19:\"uagb\/instagram-feed\";i:0;s:10:\"uagb\/login\";i:0;s:17:\"uagb\/loop-builder\";i:0;s:18:\"uagb\/loop-category\";i:0;s:20:\"uagb\/loop-pagination\";i:0;s:15:\"uagb\/loop-reset\";i:0;s:16:\"uagb\/loop-search\";i:0;s:14:\"uagb\/loop-sort\";i:0;s:17:\"uagb\/loop-wrapper\";i:0;s:13:\"uagb\/register\";i:0;s:19:\"uagb\/register-email\";i:0;s:24:\"uagb\/register-first-name\";i:0;s:23:\"uagb\/register-last-name\";i:0;s:22:\"uagb\/register-password\";i:0;s:30:\"uagb\/register-reenter-password\";i:0;s:19:\"uagb\/register-terms\";i:0;s:22:\"uagb\/register-username\";i:0;}"]},"uagb_featured_image_src":{"full":false,"thumbnail":false,"medium":false,"medium_large":false,"large":false,"1536x1536":false,"2048x2048":false,"trp-custom-language-flag":false},"uagb_author_info":{"display_name":"irchel-admin","author_link":"https:\/\/irchelschuetzen.ch\/fr\/author\/admin\/"},"uagb_comment_info":0,"uagb_excerpt":"Sch\u00fctzenhaus Berg-Buch \u2013 Unser Zuhause f\u00fcr Pr\u00e4zision &#038; Gemeinschaft \ud83c\udfaf Das Sch\u00fctzenhaus Berg-Buch ist mehr als nur ein Schiessstand \u2013 es ist unser gemeinsames Zuhause f\u00fcr Tradition, Sport und Kameradschaft. ... Lire la suite","_links":{"self":[{"href":"https:\/\/irchelschuetzen.ch\/fr\/wp-json\/wp\/v2\/pages\/56","targetHints":{"allow":["GET"]}}],"collection":[{"href":"https:\/\/irchelschuetzen.ch\/fr\/wp-json\/wp\/v2\/pages"}],"about":[{"href":"https:\/\/irchelschuetzen.ch\/fr\/wp-json\/wp\/v2\/types\/page"}],"author":[{"embeddable":true,"href":"https:\/\/irchelschuetzen.ch\/fr\/wp-json\/wp\/v2\/users\/1"}],"replies":[{"embeddable":true,"href":"https:\/\/irchelschuetzen.ch\/fr\/wp-json\/wp\/v2\/comments?post=56"}],"version-history":[{"count":18,"href":"https:\/\/irchelschuetzen.ch\/fr\/wp-json\/wp\/v2\/pages\/56\/revisions"}],"predecessor-version":[{"id":2608,"href":"https:\/\/irchelschuetzen.ch\/fr\/wp-json\/wp\/v2\/pages\/56\/revisions\/2608"}],"up":[{"embeddable":true,"href":"https:\/\/irchelschuetzen.ch\/fr\/wp-json\/wp\/v2\/pages\/5"}],"wp:attachment":[{"href":"https:\/\/irchelschuetzen.ch\/fr\/wp-json\/wp\/v2\/media?parent=56"}],"curies":[{"name":"wp","href":"https:\/\/api.w.org\/{rel}","templated":true}]}}