{"id":3221,"date":"2026-02-24T19:06:18","date_gmt":"2026-02-24T18:06:18","guid":{"rendered":"https:\/\/irchelschuetzen.ch\/?page_id=3221"},"modified":"2026-03-20T15:32:43","modified_gmt":"2026-03-20T14:32:43","slug":"conseil-dadministration","status":"publish","type":"page","link":"https:\/\/irchelschuetzen.ch\/fr\/a-propos-de-nous\/conseil-dadministration\/","title":{"rendered":"Conseil d'administration"},"content":{"rendered":"<h1 class=\"wp-block-heading\">Comit\u00e9 de l'Irchelsch\u00fctzen Berg-Buch - Notre \u00e9quipe se pr\u00e9sente<\/h1>\n\n\n\n<div style=\"height:26px\" aria-hidden=\"true\" class=\"wp-block-spacer\"><\/div>\n\n\n\n<p>Le conseil d'administration de la <strong>Irchelsch\u00fctzen Berg-Buch<\/strong> porte la responsabilit\u00e9 de l'organisation, du d\u00e9veloppement et du bon d\u00e9roulement des activit\u00e9s de notre association. Avec engagement, exp\u00e9rience et beaucoup de passion, nous nous engageons pour la promotion du tir sportif \u00e0 Berg am Irchel, de la formation de la rel\u00e8ve \u00e0 l'organisation de comp\u00e9titions et d'\u00e9v\u00e9nements de l'association, en passant par la r\u00e9alisation d'exercices de tir.<\/p>\n\n\n\n<p>En tant qu'instance centrale de direction de notre soci\u00e9t\u00e9 de tir, nous coordonnons toutes les t\u00e2ches administratives, sportives et sociales. La transparence, la s\u00e9curit\u00e9 et la camaraderie sont au centre de nos pr\u00e9occupations. Ensemble, nous veillons \u00e0 ce que la tradition et la gestion moderne de l'association restent en harmonie.<\/p>\n\n\n\n<p>Ci-dessous, tu trouveras les membres actuels de notre comit\u00e9 directeur.<\/p>\n\n\n\n<div style=\"height:34px\" aria-hidden=\"true\" class=\"wp-block-spacer\"><\/div>\n\n\n\n<!DOCTYPE html>\n<html lang=\"de\">\n<head>\n<meta charset=\"UTF-8\">\n<meta name=\"viewport\" content=\"width=device-width, initial-scale=1.0\">\n<title>Comit\u00e9 directeur - Irchelsch\u00fctzen Berg-Buch<\/title>\n<style>\n    body {\n        font-family: -apple-system, BlinkMacSystemFont, 'Segoe UI', Roboto, 'Helvetica Neue', Arial, sans-serif;\n        margin: 0;\n        padding: 0;\n        background-color: #f8f9fa;\n        color: #2c3e50;\n        line-height: 1.5;\n    }\n    \n    .vorstand-section {\n        width: 100%;\n        padding: 40px 20px;\n        box-sizing: border-box;\n    }\n    \n    h1 {\n        text-align: center;\n        font-size: 2rem;\n        font-weight: 500;\n        letter-spacing: 0.5px;\n        margin: 0 0 40px 0;\n        color: #1a2632;\n        position: relative;\n        padding-bottom: 15px;\n    }\n    \n    h1::after {\n        content: '';\n        position: absolute;\n        bottom: 0;\n        left: 50%;\n        transform: translateX(-50%);\n        width: 60px;\n        height: 3px;\n        background: #2c3e50;\n        border-radius: 2px;\n    }\n    \n    .grid {\n        display: grid;\n        grid-template-columns: repeat(auto-fit, minmax(280px, 1fr));\n        gap: 25px;\n        max-width: 1400px;\n        margin: 0 auto;\n        width: 100%;\n    }\n    \n    .card {\n        background: #ffffff;\n        padding: 25px;\n        border-radius: 12px;\n        box-shadow: 0 2px 4px rgba(0,0,0,0.02), 0 4px 12px rgba(0,0,0,0.03);\n        transition: all 0.2s ease;\n        border: 1px solid #e9ecef;\n        display: flex;\n        flex-direction: column;\n    }\n    \n    .card:hover {\n        transform: translateY(-2px);\n        box-shadow: 0 8px 24px rgba(0,0,0,0.05);\n        border-color: #d0d9e2;\n    }\n    \n    .funktion {\n        font-weight: 600;\n        font-size: 1.1rem;\n        margin-bottom: 12px;\n        color: #1a2632;\n        letter-spacing: 0.3px;\n        padding-bottom: 8px;\n        border-bottom: 2px solid #e9ecef;\n    }\n    \n    .name {\n        font-size: 1.2rem;\n        font-weight: 500;\n        margin-bottom: 6px;\n        color: #2c3e50;\n    }\n    \n    .ort {\n        font-size: 0.9rem;\n        color: #6c7a89;\n        margin-bottom: 15px;\n        display: flex;\n        align-items: center;\n        gap: 4px;\n    }\n    \n    .ort::before {\n        content: '\ud83d\udccd';\n        font-size: 0.9rem;\n        opacity: 0.7;\n    }\n    \n    .email {\n        margin-top: auto;\n    }\n    \n    .email a {\n        text-decoration: none;\n        color: #2c3e50;\n        font-size: 0.9rem;\n        padding: 6px 0;\n        display: inline-flex;\n        align-items: center;\n        gap: 6px;\n        border-bottom: 1px solid transparent;\n        transition: all 0.2s ease;\n    }\n    \n    .email a::before {\n        content: '\u2709\ufe0f';\n        font-size: 0.9rem;\n        opacity: 0.7;\n    }\n    \n    .email a:hover {\n        color: #1a2632;\n        border-bottom-color: #2c3e50;\n    }\n    \n    @media (max-width: 768px) {\n        .vorstand-section {\n            padding: 30px 15px;\n        }\n        \n        h1 {\n            font-size: 1.8rem;\n            margin-bottom: 30px;\n        }\n        \n        .grid {\n            gap: 15px;\n        }\n        \n        .card {\n            padding: 20px;\n        }\n        \n        .funktion {\n            font-size: 1rem;\n        }\n        \n        .name {\n            font-size: 1.1rem;\n        }\n    }\n    \n    @media (max-width: 480px) {\n        h1 {\n            font-size: 1.5rem;\n        }\n        \n        .grid {\n            grid-template-columns: 1fr;\n        }\n    }\n<\/style>\n<\/head>\n<body>\n\n<div class=\"vorstand-section\">\n    <h1>Comit\u00e9 directeur Irchelsch\u00fctzen Berg-Buch<\/h1>\n\n    <div class=\"grid\">\n        <div class=\"card\">\n            <div class=\"funktion\">Pr\u00e9sident<\/div>\n            <div class=\"name\">Martin Baur<\/div>\n            <div class=\"ort\">Berg am Irchel<\/div>\n            <div class=\"email\"><a href=\"mailto:praesident@irchelschuetzen.ch\">praesident@irchelschuetzen.ch<\/a><\/div>\n        <\/div>\n\n        <div class=\"card\">\n            <div class=\"funktion\">Caissier<\/div>\n            <div class=\"name\">Thomas Baur<\/div>\n            <div class=\"ort\">Berg am Irchel<\/div>\n            <div class=\"email\"><a href=\"mailto:kassier@irchelschuetzen.ch\">kassier@irchelschuetzen.ch<\/a><\/div>\n        <\/div>\n\n        <div class=\"card\">\n            <div class=\"funktion\">Actuaire<\/div>\n            <div class=\"name\">Daniel D\u00fcnnenberger<\/div>\n            <div class=\"ort\">Berg am Irchel<\/div>\n            <div class=\"email\"><a href=\"mailto:aktuar@irchelschuetzen.ch\">aktuar@irchelschuetzen.ch<\/a><\/div>\n        <\/div>\n\n        <div class=\"card\">\n            <div class=\"funktion\">Responsable de la rel\u00e8ve<\/div>\n            <div class=\"name\">Martin Baur<\/div>\n            <div class=\"ort\">Berg am Irchel<\/div>\n            <div class=\"email\"><a href=\"mailto:nachwuchsleiter@irchelschuetzen.ch\">nachwuchsleiter@irchelschuetzen.ch<\/a><\/div>\n        <\/div>\n\n        <div class=\"card\">\n            <div class=\"funktion\">Gardien de terrain<\/div>\n            <div class=\"name\">Noel Jacoby<\/div>\n            <div class=\"ort\">Berg am Irchel<\/div>\n            <div class=\"email\"><a href=\"mailto:platzwart@irchelschuetzen.ch\">platzwart@irchelschuetzen.ch<\/a><\/div>\n        <\/div>\n\n        <div class=\"card\">\n            <div class=\"funktion\">Aubergiste de tir<\/div>\n            <div class=\"name\">Ulrike Bolognini<\/div>\n            <div class=\"ort\">Buch am Irchel<\/div>\n            <div class=\"email\"><a href=\"mailto:wirt@irchelschuetzen.ch\">wirt@irchelschuetzen.ch<\/a><\/div>\n        <\/div>\n\n        <div class=\"card\">\n            <div class=\"funktion\">Responsable informatique<\/div>\n            <div class=\"name\">Leo Merk<\/div>\n            <div class=\"ort\">Berg am Irchel<\/div>\n            <div class=\"email\"><a href=\"mailto:admin@irchelschuetzen.ch\">admin@irchelschuetzen.ch<\/a><\/div>\n        <\/div>\n\n        <div class=\"card\">\n            <div class=\"funktion\">Pr\u00e9pos\u00e9 aux munitions<\/div>\n            <div class=\"name\">Alex Kyburz<\/div>\n            <div class=\"ort\">Buch am Irchel<\/div>\n            <div class=\"email\"><a href=\"mailto:munition@irchelschuetzen.ch\">munition@irchelschuetzen.ch<\/a><\/div>\n        <\/div>\n    <\/div>\n<\/div>\n\n<\/body>\n<\/html>","protected":false},"excerpt":{"rendered":"<p>Vorstand der Irchelsch\u00fctzen Berg-Buch \u2013 Unser Team stellt sich vor Der Vorstand der Irchelsch\u00fctzen Berg-Buch tr\u00e4gt die Verantwortung f\u00fcr die Organisation, Weiterentwicklung und den reibungslosen Ablauf unseres Vereinsbetriebs. Mit Engagement, &#8230; <a title=\"Conseil d&#039;administration\" class=\"read-more\" href=\"https:\/\/irchelschuetzen.ch\/fr\/a-propos-de-nous\/conseil-dadministration\/\" aria-label=\"En savoir plus sur le conseil d&#039;administration\">Lire la suite<\/a><\/p>","protected":false},"author":1,"featured_media":0,"parent":5,"menu_order":0,"comment_status":"closed","ping_status":"closed","template":"","meta":{"_uag_custom_page_level_css":"","footnotes":""},"class_list":["post-3221","page","type-page","status-publish"],"spectra_custom_meta":{"_edit_lock":["1771973165:1"],"rank_math_internal_links_processed":["1"],"rank_math_seo_score":["59"],"rank_math_title":["Unser Vorstand \u2013 Irchelsch\u00fctzen Berg-Buch"],"rank_math_description":["Lerne den Vorstand der Irchelsch\u00fctzen Berg-Buch kennen. Engagement f\u00fcr Schiesssport, Nachwuchsf\u00f6rderung und Vereinsleben in Berg am Irchel."],"rank_math_focus_keyword":["vorstand"],"_edit_last":["1"],"_generate-disable-headline":["true"],"rank_math_auto_redirect":["a:1:{i:0;i:3;}"],"_uag_css_file_name":["uag-css-3221.css"],"_uagb_previous_block_counts":["a:90:{s:21:\"uagb\/advanced-heading\";i:0;s:15:\"uagb\/blockquote\";i:0;s:12:\"uagb\/buttons\";i:0;s:18:\"uagb\/buttons-child\";i:0;s:19:\"uagb\/call-to-action\";i:0;s:15:\"uagb\/cf7-styler\";i:0;s:11:\"uagb\/column\";i:0;s:12:\"uagb\/columns\";i:0;s:14:\"uagb\/container\";i:0;s:21:\"uagb\/content-timeline\";i:0;s:27:\"uagb\/content-timeline-child\";i:0;s:14:\"uagb\/countdown\";i:0;s:12:\"uagb\/counter\";i:0;s:8:\"uagb\/faq\";i:0;s:14:\"uagb\/faq-child\";i:0;s:10:\"uagb\/forms\";i:0;s:17:\"uagb\/forms-accept\";i:0;s:19:\"uagb\/forms-checkbox\";i:0;s:15:\"uagb\/forms-date\";i:0;s:16:\"uagb\/forms-email\";i:0;s:17:\"uagb\/forms-hidden\";i:0;s:15:\"uagb\/forms-name\";i:0;s:16:\"uagb\/forms-phone\";i:0;s:16:\"uagb\/forms-radio\";i:0;s:17:\"uagb\/forms-select\";i:0;s:19:\"uagb\/forms-textarea\";i:0;s:17:\"uagb\/forms-toggle\";i:0;s:14:\"uagb\/forms-url\";i:0;s:14:\"uagb\/gf-styler\";i:0;s:15:\"uagb\/google-map\";i:0;s:11:\"uagb\/how-to\";i:0;s:16:\"uagb\/how-to-step\";i:0;s:9:\"uagb\/icon\";i:0;s:14:\"uagb\/icon-list\";i:0;s:20:\"uagb\/icon-list-child\";i:0;s:10:\"uagb\/image\";i:0;s:18:\"uagb\/image-gallery\";i:0;s:13:\"uagb\/info-box\";i:0;s:18:\"uagb\/inline-notice\";i:0;s:11:\"uagb\/lottie\";i:0;s:21:\"uagb\/marketing-button\";i:0;s:10:\"uagb\/modal\";i:0;s:18:\"uagb\/popup-builder\";i:0;s:16:\"uagb\/post-button\";i:0;s:18:\"uagb\/post-carousel\";i:0;s:17:\"uagb\/post-excerpt\";i:0;s:14:\"uagb\/post-grid\";i:0;s:15:\"uagb\/post-image\";i:0;s:17:\"uagb\/post-masonry\";i:0;s:14:\"uagb\/post-meta\";i:0;s:18:\"uagb\/post-taxonomy\";i:0;s:18:\"uagb\/post-timeline\";i:0;s:15:\"uagb\/post-title\";i:0;s:20:\"uagb\/restaurant-menu\";i:0;s:26:\"uagb\/restaurant-menu-child\";i:0;s:11:\"uagb\/review\";i:0;s:12:\"uagb\/section\";i:0;s:14:\"uagb\/separator\";i:0;s:11:\"uagb\/slider\";i:0;s:17:\"uagb\/slider-child\";i:0;s:17:\"uagb\/social-share\";i:0;s:23:\"uagb\/social-share-child\";i:0;s:16:\"uagb\/star-rating\";i:0;s:23:\"uagb\/sure-cart-checkout\";i:0;s:22:\"uagb\/sure-cart-product\";i:0;s:15:\"uagb\/sure-forms\";i:0;s:22:\"uagb\/table-of-contents\";i:0;s:9:\"uagb\/tabs\";i:0;s:15:\"uagb\/tabs-child\";i:0;s:18:\"uagb\/taxonomy-list\";i:0;s:9:\"uagb\/team\";i:0;s:16:\"uagb\/testimonial\";i:0;s:14:\"uagb\/wp-search\";i:0;s:19:\"uagb\/instagram-feed\";i:0;s:10:\"uagb\/login\";i:0;s:17:\"uagb\/loop-builder\";i:0;s:18:\"uagb\/loop-category\";i:0;s:20:\"uagb\/loop-pagination\";i:0;s:15:\"uagb\/loop-reset\";i:0;s:16:\"uagb\/loop-search\";i:0;s:14:\"uagb\/loop-sort\";i:0;s:17:\"uagb\/loop-wrapper\";i:0;s:13:\"uagb\/register\";i:0;s:19:\"uagb\/register-email\";i:0;s:24:\"uagb\/register-first-name\";i:0;s:23:\"uagb\/register-last-name\";i:0;s:22:\"uagb\/register-password\";i:0;s:30:\"uagb\/register-reenter-password\";i:0;s:19:\"uagb\/register-terms\";i:0;s:22:\"uagb\/register-username\";i:0;}"],"_uag_page_assets":["a:9:{s:3:\"css\";s:260:\".uag-blocks-common-selector{z-index:var(--z-index-desktop) !important}@media(max-width: 976px){.uag-blocks-common-selector{z-index:var(--z-index-tablet) !important}}@media(max-width: 767px){.uag-blocks-common-selector{z-index:var(--z-index-mobile) !important}}\";s:2:\"js\";s:0:\"\";s:18:\"current_block_list\";a:12:{i:0;s:12:\"core\/heading\";i:1;s:11:\"core\/spacer\";i:2;s:14:\"core\/paragraph\";i:3;s:9:\"core\/html\";i:4;s:10:\"core\/group\";i:5;s:12:\"core\/columns\";i:6;s:11:\"core\/column\";i:7;s:9:\"core\/list\";i:9;s:14:\"core\/list-item\";i:12;s:14:\"core\/pullquote\";i:13;s:9:\"core\/code\";i:14;s:10:\"core\/image\";}s:8:\"uag_flag\";b:0;s:11:\"uag_version\";s:10:\"1776823154\";s:6:\"gfonts\";a:0:{}s:10:\"gfonts_url\";s:0:\"\";s:12:\"gfonts_files\";a:0:{}s:14:\"uag_faq_layout\";b:0;}"]},"uagb_featured_image_src":{"full":false,"thumbnail":false,"medium":false,"medium_large":false,"large":false,"1536x1536":false,"2048x2048":false,"trp-custom-language-flag":false},"uagb_author_info":{"display_name":"irchel-admin","author_link":"https:\/\/irchelschuetzen.ch\/fr\/author\/admin\/"},"uagb_comment_info":0,"uagb_excerpt":"Vorstand der Irchelsch\u00fctzen Berg-Buch \u2013 Unser Team stellt sich vor Der Vorstand der Irchelsch\u00fctzen Berg-Buch tr\u00e4gt die Verantwortung f\u00fcr die Organisation, Weiterentwicklung und den reibungslosen Ablauf unseres Vereinsbetriebs. Mit Engagement, ... Lire la suite","_links":{"self":[{"href":"https:\/\/irchelschuetzen.ch\/fr\/wp-json\/wp\/v2\/pages\/3221","targetHints":{"allow":["GET"]}}],"collection":[{"href":"https:\/\/irchelschuetzen.ch\/fr\/wp-json\/wp\/v2\/pages"}],"about":[{"href":"https:\/\/irchelschuetzen.ch\/fr\/wp-json\/wp\/v2\/types\/page"}],"author":[{"embeddable":true,"href":"https:\/\/irchelschuetzen.ch\/fr\/wp-json\/wp\/v2\/users\/1"}],"replies":[{"embeddable":true,"href":"https:\/\/irchelschuetzen.ch\/fr\/wp-json\/wp\/v2\/comments?post=3221"}],"version-history":[{"count":9,"href":"https:\/\/irchelschuetzen.ch\/fr\/wp-json\/wp\/v2\/pages\/3221\/revisions"}],"predecessor-version":[{"id":3250,"href":"https:\/\/irchelschuetzen.ch\/fr\/wp-json\/wp\/v2\/pages\/3221\/revisions\/3250"}],"up":[{"embeddable":true,"href":"https:\/\/irchelschuetzen.ch\/fr\/wp-json\/wp\/v2\/pages\/5"}],"wp:attachment":[{"href":"https:\/\/irchelschuetzen.ch\/fr\/wp-json\/wp\/v2\/media?parent=3221"}],"curies":[{"name":"wp","href":"https:\/\/api.w.org\/{rel}","templated":true}]}}