{"id":2610,"date":"2025-03-13T02:03:37","date_gmt":"2025-03-13T01:03:37","guid":{"rendered":"https:\/\/irchelschuetzen.ch\/?page_id=2610"},"modified":"2026-03-20T15:32:43","modified_gmt":"2026-03-20T14:32:43","slug":"contact","status":"publish","type":"page","link":"https:\/\/irchelschuetzen.ch\/fr\/contact\/","title":{"rendered":"Contact"},"content":{"rendered":"\n<div class=\"titel-banner\">\n    <style scoped>\n        .titel-banner {\n            font-family: Arial, sans-serif;\n            text-align: center;\n            background: linear-gradient(135deg, #2166BA, #174A8C); \/* Blaut\u00f6ne *\/\n            color: white;\n            padding: 25px;\n            border-radius: 8px;\n            margin: 20px auto;\n            max-width: 800px;\n            box-shadow: 0 4px 10px rgba(0, 0, 0, 0.2);\n        }\n\n        .titel-banner h1 {\n            font-size: 2em;\n            margin: 0;\n            font-weight: bold;\n        }\n\n        @media (max-width: 600px) {\n            .titel-banner {\n                padding: 15px;\n            }\n\n            .titel-banner h1 {\n                font-size: 1.7em;\n            }\n        }\n    <\/style>\n\n    <h1>Ins Schwarze treffen \u2013 Jetzt Kontakt aufnehmen!<\/h1>\n<\/div>\n\n\n\n<p class=\"has-text-align-center\">Du m\u00f6chtest mehr \u00fcber unseren Schiesssport erfahren oder hast Fragen zu unserem Verein? Egal, ob du neu im Schiesssport bist, an einem Probetraining teilnehmen m\u00f6chtest oder bereits Sch\u00fctze bist und dich f\u00fcr eine Mitgliedschaft interessierst \u2013 wir freuen uns, von dir zu h\u00f6ren!<\/p>\n\n\n\n<p class=\"has-text-align-center\">Schreib uns einfach eine Nachricht oder besuche uns direkt auf dem Schiessstand. Wir beantworten gerne deine Fragen zu Trainingszeiten, Wettk\u00e4mpfen oder Vereinsaktivit\u00e4ten.<\/p>\n\n\n\n<p class=\"has-text-align-center\"><strong>Melde dich bei uns \u2013 wir freuen uns darauf, dich kennenzulernen! \ud83c\udfaf<\/strong><\/p>\n\n\n\n<hr class=\"wp-block-separator has-alpha-channel-opacity\"\/>\n\n\n<div class=\"wpforms-container wpforms-container-full wpforms-block wpforms-block-d9e75b8b-02d1-4e72-ab99-b9b9aabaca62\" id=\"wpforms-2964\"><form id=\"wpforms-form-2964\" class=\"wpforms-validate wpforms-form wpforms-ajax-form\" data-formid=\"2964\" method=\"post\" enctype=\"multipart\/form-data\" action=\"\/fr\/wp-json\/wp\/v2\/pages\/2610\" data-token=\"62445184aea6ad5f668bdc38055adc9b\" data-token-time=\"1776877743\"><div class=\"wpforms-head-container\"><div class=\"wpforms-title\">\ud83d\udcec Schreib uns eine Nachricht<\/div><\/div><noscript class=\"wpforms-error-noscript\">Veuillez activer JavaScript dans votre navigateur pour remplir ce formulaire.<\/noscript><div class=\"wpforms-field-container\"><div id=\"wpforms-2964-field_1-container\" class=\"wpforms-field wpforms-field-name\" data-field-id=\"1\"><label class=\"wpforms-field-label\">Name <span class=\"wpforms-required-label\">*<\/span><\/label><div class=\"wpforms-field-row wpforms-field-medium\"><div class=\"wpforms-field-row-block wpforms-first wpforms-one-half\"><input type=\"text\" id=\"wpforms-2964-field_1\" class=\"wpforms-field-name-first wpforms-field-required\" name=\"wpforms[fields][1][first]\" required><label for=\"wpforms-2964-field_1\" class=\"wpforms-field-sublabel after\">Pr\u00e9nom<\/label><\/div><div class=\"wpforms-field-row-block wpforms-one-half\"><input type=\"text\" id=\"wpforms-2964-field_1-last\" class=\"wpforms-field-name-last wpforms-field-required\" name=\"wpforms[fields][1][last]\" required><label for=\"wpforms-2964-field_1-last\" class=\"wpforms-field-sublabel after\">Nom<\/label><\/div><\/div><\/div><div id=\"wpforms-2964-field_2-container\" class=\"wpforms-field wpforms-field-email\" data-field-id=\"2\"><label class=\"wpforms-field-label\" for=\"wpforms-2964-field_2\">E-Mail-Adresse <span class=\"wpforms-required-label\">*<\/span><\/label><input type=\"email\" id=\"wpforms-2964-field_2\" class=\"wpforms-field-medium wpforms-field-required\" name=\"wpforms[fields][2]\" spellcheck=\"false\" required><\/div><div id=\"wpforms-2964-field_3-container\" class=\"wpforms-field wpforms-field-textarea\" data-field-id=\"3\"><label class=\"wpforms-field-label\" for=\"wpforms-2964-field_3\">Kommentar oder Nachricht<\/label><textarea id=\"wpforms-2964-field_3\" class=\"wpforms-field-medium\" name=\"wpforms[fields][3]\" ><\/textarea><\/div><\/div><!-- .wpforms-field-container --><div class=\"wpforms-submit-container\" ><input type=\"hidden\" name=\"wpforms[id]\" value=\"2964\"><input type=\"hidden\" name=\"page_title\" value=\"\"><input type=\"hidden\" name=\"page_url\" value=\"https:\/\/irchelschuetzen.ch\/fr\/wp-json\/wp\/v2\/pages\/2610\"><input type=\"hidden\" name=\"url_referer\" value=\"\"><button type=\"submit\" name=\"wpforms[submit]\" id=\"wpforms-submit-2964\" class=\"wpforms-submit\" data-alt-text=\"Wird gesendet\u00a0\u2026\" data-submit-text=\"Absenden\" aria-live=\"assertive\" value=\"wpforms-submit\">Absenden<\/button><img decoding=\"async\" src=\"https:\/\/irchelschuetzen.ch\/wp-content\/plugins\/wpforms\/assets\/images\/submit-spin.svg\" class=\"wpforms-submit-spinner\" style=\"display: none;\" width=\"26\" height=\"26\" alt=\"Chargement en cours\"><\/div><\/form><\/div>  <!-- .wpforms-container -->\n\n\n<hr class=\"wp-block-separator has-alpha-channel-opacity\"\/>\n\n\n\n<div class=\"mitgliedschaft-infobox\">\n    <h3>Interesse am Schiesssport?<\/h3>\n    <p>Erlebe die Faszination des Schiessens in einer Gemeinschaft von Gleichgesinnten. Unser modernes Sch\u00fctzenhaus im Z\u00fcrcher Weinland bietet ideale Bedingungen f\u00fcr Training und geselliges Beisammensein. Egal ob Anf\u00e4nger oder erfahrener Sch\u00fctze \u2013 bei uns bist du herzlich willkommen!<\/p>\n    <a href=\"\/mitglied-werden\/\" class=\"cta-button\">Mehr erfahren<\/a>\n<\/div>\n\n<style>\n    \/* Scoped Css f\u00fcr die Mitgliedschaft-Infobox *\/\n    .mitgliedschaft-infobox {\n        background-color: #f9f9f9;\n        background-image: url('https:\/\/irchelschuetzen.ch\/wp-content\/uploads\/2025\/03\/ISBB_Logo_transparent.png'); \/* Hintergrundbild *\/\n        background-position: center; \/* Bild zentrieren *\/\n        background-repeat: no-repeat; \/* Bild nicht wiederholen *\/\n        background-size: 150px; \/* Gr\u00f6sse des Logos anpassen *\/\n        border: 1px solid #ddd;\n        padding: 20px;\n        margin-top: 30px;\n        border-radius: 8px;\n        text-align: center;\n        font-family: Arial, sans-serif;\n        position: relative; \/* F\u00fcr Overlay-Effekt *\/\n        overflow: hidden; \/* Verhindert \u00dcberlappungen *\/\n    }\n\n    \/* Overlay, um den Text besser lesbar zu machen *\/\n    .mitgliedschaft-infobox::before {\n        content: '';\n        position: absolute;\n        top: 0;\n        left: 0;\n        right: 0;\n        bottom: 0;\n        background-color: rgba(249, 249, 249, 0.8); \/* Leichter weisser Overlay *\/\n        z-index: 1;\n    }\n\n    \/* Stile f\u00fcr den Text und den Button *\/\n    .mitgliedschaft-infobox h3,\n    .mitgliedschaft-infobox p,\n    .mitgliedschaft-infobox .cta-button {\n        position: relative; \/* Text \u00fcber dem Overlay *\/\n        z-index: 2;\n    }\n\n    .mitgliedschaft-infobox h3 {\n        margin-top: 0;\n        color: #333;\n    }\n\n    .mitgliedschaft-infobox p {\n        color: #555;\n        line-height: 1.6;\n    }\n\n    .mitgliedschaft-infobox .cta-button {\n        display: inline-block;\n        margin-top: 15px;\n        padding: 10px 20px;\n        background-color: #1e73be;\n        color: #fff;\n        text-decoration: none;\n        border-radius: 5px;\n        transition: background-color 0.3s ease;\n    }\n\n    .mitgliedschaft-infobox .cta-button:hover {\n        background-color: #154a8a;\n    }\n<\/style>\n","protected":false},"excerpt":{"rendered":"<p>Mettre dans le mille - Prendre contact maintenant ! Tu souhaites en savoir plus sur notre sport de tir ou tu as des questions sur notre association ? Que tu sois nouveau dans le tir sportif, que tu souhaites participer \u00e0 un entra\u00eenement ... <a title=\"Contact\" class=\"read-more\" href=\"https:\/\/irchelschuetzen.ch\/fr\/contact\/\" aria-label=\"En savoir plus sur Contact\">Lire la suite<\/a><\/p>","protected":false},"author":1,"featured_media":0,"parent":0,"menu_order":0,"comment_status":"closed","ping_status":"closed","template":"","meta":{"_uag_custom_page_level_css":"","footnotes":""},"class_list":["post-2610","page","type-page","status-publish"],"spectra_custom_meta":{"_edit_lock":["1747389688:1"],"_edit_last":["1"],"_aioseo_title":["Kontakt Irchelsch\u00fctzen \u2013 Jetzt mit uns ins Schwarze treffen!"],"_aioseo_description":["Du hast Fragen zum Schiesport, zur Mitgliedschaft oder m\u00f6chtest Anregungen geben? Die Irchelsch\u00fctzen sind f\u00fcr dich da \u2013 wir freuen uns auf deine Nachricht!"],"_aioseo_keywords":["a:0:{}"],"_aioseo_og_title":[null],"_aioseo_og_description":[null],"_aioseo_og_article_section":[""],"_aioseo_og_article_tags":["a:0:{}"],"_aioseo_twitter_title":[null],"_aioseo_twitter_description":[null],"_generate-disable-headline":["true"],"_eael_post_view_count":["3"],"rank_math_internal_links_processed":["1"],"_uag_css_file_name":["uag-css-2610.css"],"_uag_page_assets":["a:9:{s:3:\"css\";s:263:\".uag-blocks-common-selector{z-index:var(--z-index-desktop) !important}@media (max-width: 976px){.uag-blocks-common-selector{z-index:var(--z-index-tablet) !important}}@media (max-width: 767px){.uag-blocks-common-selector{z-index:var(--z-index-mobile) !important}}\n\";s:2:\"js\";s:0:\"\";s:18:\"current_block_list\";a:13:{i:0;s:9:\"core\/html\";i:1;s:14:\"core\/paragraph\";i:2;s:14:\"core\/separator\";i:3;s:21:\"wpforms\/form-selector\";i:4;s:12:\"core\/heading\";i:5;s:10:\"core\/group\";i:6;s:12:\"core\/columns\";i:7;s:11:\"core\/column\";i:8;s:9:\"core\/list\";i:10;s:14:\"core\/list-item\";i:13;s:14:\"core\/pullquote\";i:14;s:9:\"core\/code\";i:15;s:10:\"core\/image\";}s:8:\"uag_flag\";b:0;s:11:\"uag_version\";s:10:\"1775010099\";s:6:\"gfonts\";a:0:{}s:10:\"gfonts_url\";s:0:\"\";s:12:\"gfonts_files\";a:0:{}s:14:\"uag_faq_layout\";b:0;}"],"_uagb_previous_block_counts":["a:90:{s:21:\"uagb\/advanced-heading\";i:0;s:15:\"uagb\/blockquote\";i:0;s:12:\"uagb\/buttons\";i:0;s:18:\"uagb\/buttons-child\";i:0;s:19:\"uagb\/call-to-action\";i:0;s:15:\"uagb\/cf7-styler\";i:0;s:11:\"uagb\/column\";i:0;s:12:\"uagb\/columns\";i:0;s:14:\"uagb\/container\";i:0;s:21:\"uagb\/content-timeline\";i:0;s:27:\"uagb\/content-timeline-child\";i:0;s:14:\"uagb\/countdown\";i:0;s:12:\"uagb\/counter\";i:0;s:8:\"uagb\/faq\";i:0;s:14:\"uagb\/faq-child\";i:0;s:10:\"uagb\/forms\";i:0;s:17:\"uagb\/forms-accept\";i:0;s:19:\"uagb\/forms-checkbox\";i:0;s:15:\"uagb\/forms-date\";i:0;s:16:\"uagb\/forms-email\";i:0;s:17:\"uagb\/forms-hidden\";i:0;s:15:\"uagb\/forms-name\";i:0;s:16:\"uagb\/forms-phone\";i:0;s:16:\"uagb\/forms-radio\";i:0;s:17:\"uagb\/forms-select\";i:0;s:19:\"uagb\/forms-textarea\";i:0;s:17:\"uagb\/forms-toggle\";i:0;s:14:\"uagb\/forms-url\";i:0;s:14:\"uagb\/gf-styler\";i:0;s:15:\"uagb\/google-map\";i:0;s:11:\"uagb\/how-to\";i:0;s:16:\"uagb\/how-to-step\";i:0;s:9:\"uagb\/icon\";i:0;s:14:\"uagb\/icon-list\";i:0;s:20:\"uagb\/icon-list-child\";i:0;s:10:\"uagb\/image\";i:0;s:18:\"uagb\/image-gallery\";i:0;s:13:\"uagb\/info-box\";i:0;s:18:\"uagb\/inline-notice\";i:0;s:11:\"uagb\/lottie\";i:0;s:21:\"uagb\/marketing-button\";i:0;s:10:\"uagb\/modal\";i:0;s:18:\"uagb\/popup-builder\";i:0;s:16:\"uagb\/post-button\";i:0;s:18:\"uagb\/post-carousel\";i:0;s:17:\"uagb\/post-excerpt\";i:0;s:14:\"uagb\/post-grid\";i:0;s:15:\"uagb\/post-image\";i:0;s:17:\"uagb\/post-masonry\";i:0;s:14:\"uagb\/post-meta\";i:0;s:18:\"uagb\/post-taxonomy\";i:0;s:18:\"uagb\/post-timeline\";i:0;s:15:\"uagb\/post-title\";i:0;s:20:\"uagb\/restaurant-menu\";i:0;s:26:\"uagb\/restaurant-menu-child\";i:0;s:11:\"uagb\/review\";i:0;s:12:\"uagb\/section\";i:0;s:14:\"uagb\/separator\";i:0;s:11:\"uagb\/slider\";i:0;s:17:\"uagb\/slider-child\";i:0;s:17:\"uagb\/social-share\";i:0;s:23:\"uagb\/social-share-child\";i:0;s:16:\"uagb\/star-rating\";i:0;s:23:\"uagb\/sure-cart-checkout\";i:0;s:22:\"uagb\/sure-cart-product\";i:0;s:15:\"uagb\/sure-forms\";i:0;s:22:\"uagb\/table-of-contents\";i:0;s:9:\"uagb\/tabs\";i:0;s:15:\"uagb\/tabs-child\";i:0;s:18:\"uagb\/taxonomy-list\";i:0;s:9:\"uagb\/team\";i:0;s:16:\"uagb\/testimonial\";i:0;s:14:\"uagb\/wp-search\";i:0;s:19:\"uagb\/instagram-feed\";i:0;s:10:\"uagb\/login\";i:0;s:17:\"uagb\/loop-builder\";i:0;s:18:\"uagb\/loop-category\";i:0;s:20:\"uagb\/loop-pagination\";i:0;s:15:\"uagb\/loop-reset\";i:0;s:16:\"uagb\/loop-search\";i:0;s:14:\"uagb\/loop-sort\";i:0;s:17:\"uagb\/loop-wrapper\";i:0;s:13:\"uagb\/register\";i:0;s:19:\"uagb\/register-email\";i:0;s:24:\"uagb\/register-first-name\";i:0;s:23:\"uagb\/register-last-name\";i:0;s:22:\"uagb\/register-password\";i:0;s:30:\"uagb\/register-reenter-password\";i:0;s:19:\"uagb\/register-terms\";i:0;s:22:\"uagb\/register-username\";i:0;}"]},"uagb_featured_image_src":{"full":false,"thumbnail":false,"medium":false,"medium_large":false,"large":false,"1536x1536":false,"2048x2048":false,"trp-custom-language-flag":false},"uagb_author_info":{"display_name":"irchel-admin","author_link":"https:\/\/irchelschuetzen.ch\/fr\/author\/admin\/"},"uagb_comment_info":0,"uagb_excerpt":"Ins Schwarze treffen \u2013 Jetzt Kontakt aufnehmen! Du m\u00f6chtest mehr \u00fcber unseren Schiesssport erfahren oder hast Fragen zu unserem Verein? Egal, ob du neu im Schiesssport bist, an einem Probetraining ... Lire la suite","_links":{"self":[{"href":"https:\/\/irchelschuetzen.ch\/fr\/wp-json\/wp\/v2\/pages\/2610","targetHints":{"allow":["GET"]}}],"collection":[{"href":"https:\/\/irchelschuetzen.ch\/fr\/wp-json\/wp\/v2\/pages"}],"about":[{"href":"https:\/\/irchelschuetzen.ch\/fr\/wp-json\/wp\/v2\/types\/page"}],"author":[{"embeddable":true,"href":"https:\/\/irchelschuetzen.ch\/fr\/wp-json\/wp\/v2\/users\/1"}],"replies":[{"embeddable":true,"href":"https:\/\/irchelschuetzen.ch\/fr\/wp-json\/wp\/v2\/comments?post=2610"}],"version-history":[{"count":7,"href":"https:\/\/irchelschuetzen.ch\/fr\/wp-json\/wp\/v2\/pages\/2610\/revisions"}],"predecessor-version":[{"id":2975,"href":"https:\/\/irchelschuetzen.ch\/fr\/wp-json\/wp\/v2\/pages\/2610\/revisions\/2975"}],"wp:attachment":[{"href":"https:\/\/irchelschuetzen.ch\/fr\/wp-json\/wp\/v2\/media?parent=2610"}],"curies":[{"name":"wp","href":"https:\/\/api.w.org\/{rel}","templated":true}]}}