{"id":2353,"date":"2025-03-07T20:21:06","date_gmt":"2025-03-07T19:21:06","guid":{"rendered":"https:\/\/irchelschuetzen.ch\/?page_id=2353"},"modified":"2026-03-01T16:08:21","modified_gmt":"2026-03-01T15:08:21","slug":"pas-la","status":"publish","type":"page","link":"https:\/\/irchelschuetzen.ch\/fr\/pas-la\/","title":{"rendered":"\ud83c\udfaf Objectif manqu\u00e9 ! - Cette page n'existe pas \ud83d\ude32"},"content":{"rendered":"<div class=\"error-banner\">\n    <h1>\ud83c\udfaf Objectif manqu\u00e9 ! - Cette page n'existe pas \ud83d\ude32<\/h1>\n<\/div>\n\n<style>\n    .error-banner {\n        background: linear-gradient(45deg, #d9534f, #c9302c); \/* Rotverlauf f\u00fcr Fehleranzeige *\/\n        color: white;\n        text-align: center;\n        padding: 20px;\n        width: 100%;\n        max-width: 100%;\n        border-radius: 8px;\n        box-shadow: 0 4px 10px rgba(0, 0, 0, 0.2);\n        display: flex;\n        justify-content: center;\n        align-items: center;\n    }\n\n    .error-banner h1 {\n        font-size: 28px;\n        font-weight: bold;\n        margin: 0;\n        text-transform: uppercase;\n    }\n\n    @media (max-width: 768px) {\n        .error-banner {\n            font-size: 18px;\n            padding: 15px;\n        }\n        .error-banner h1 {\n            font-size: 24px;\n        }\n    }\n<\/style>\n\n\n\n<div class=\"wp-block-image\">\n<figure class=\"aligncenter size-full is-resized\"><img decoding=\"async\" width=\"512\" height=\"512\" src=\"https:\/\/irchelschuetzen.ch\/wp-content\/uploads\/2025\/03\/Daneben-geschossen.png\" alt=\"\" class=\"wp-image-2354\" style=\"width:221px;height:auto\" srcset=\"https:\/\/irchelschuetzen.ch\/wp-content\/uploads\/2025\/03\/Daneben-geschossen.png 512w, https:\/\/irchelschuetzen.ch\/wp-content\/uploads\/2025\/03\/Daneben-geschossen-300x300.png 300w, https:\/\/irchelschuetzen.ch\/wp-content\/uploads\/2025\/03\/Daneben-geschossen-150x150.png 150w\" sizes=\"(max-width: 512px) 100vw, 512px\" \/><\/figure>\n<\/div>\n\n\n<p>Oups ! Ce tir a malheureusement \u00e9t\u00e9 rat\u00e9... \ud83c\udff9 Peut-\u00eatre \u00e9tait-ce la faute du vent ? \ud83c\udf2c\ufe0f Ou ton viseur n'\u00e9tait pas bien r\u00e9gl\u00e9 ? \ud83e\udd14<\/p>\n\n\n\n<p>Mais ne t'inqui\u00e8te pas - tu peux te r\u00e9orienter ! Voici quelques <strong>Zones de frappe<\/strong>qui pourraient t'int\u00e9resser :<\/p>\n\n\n\n<ul>\n    <li><a href=\"https:\/\/irchelschuetzen.ch\/fr\/\" target=\"_blank\">Irchelsch\u00fctzen Berg-Buch<\/a><\/li>\n    <li><a href=\"https:\/\/irchelschuetzen.ch\/fr\/a-propos-de-nous\/\" target=\"_blank\">\u00c0 propos de nous<\/a><\/li>\n    <li><a href=\"https:\/\/irchelschuetzen.ch\/fr\/notre-maison-de-protection\/\" target=\"_blank\">Notre maison de tir<\/a><\/li>\n    <li><a href=\"https:\/\/irchelschuetzen.ch\/fr\/info-de-la-commune\/\" target=\"_blank\">Info municipale<\/a><\/li>\n    <li><a href=\"https:\/\/irchelschuetzen.ch\/fr\/location-schuetzenstube\/\" target=\"_blank\">Location de la salle de tir<\/a><\/li>\n    <li><a href=\"https:\/\/irchelschuetzen.ch\/fr\/contact\/\" target=\"_blank\">Contact<\/a><\/li>\n    <li><a href=\"https:\/\/irchelschuetzen.ch\/fr\/conseil-dadministration\/\" target=\"_blank\">Conseil d'administration<\/a><\/li>\n    <li><a href=\"https:\/\/irchelschuetzen.ch\/fr\/statuts\/\" target=\"_blank\">Statuts<\/a><\/li>\n    <li><a href=\"https:\/\/irchelschuetzen.ch\/fr\/a-gauche\/\" target=\"_blank\">Liens<\/a><\/li>\n    <li><a href=\"https:\/\/irchelschuetzen.ch\/fr\/actualites\/\" target=\"_blank\">Actualit\u00e9s<\/a><\/li>\n    <li><a href=\"https:\/\/irchelschuetzen.ch\/fr\/programme\/\" target=\"_blank\">Programme<\/a><\/li>\n    <li><a href=\"https:\/\/irchelschuetzen.ch\/fr\/exercices-federaux\/\" target=\"_blank\">Exercices f\u00e9d\u00e9raux<\/a><\/li>\n    <li><a href=\"https:\/\/irchelschuetzen.ch\/fr\/exercice-federal-obligatoire\/\" target=\"_blank\">Exercice f\u00e9d\u00e9ral obligatoire<\/a><\/li>\n    <li><a href=\"https:\/\/irchelschuetzen.ch\/fr\/tir-federal-en-campagne\/\" target=\"_blank\">Tir f\u00e9d\u00e9ral en campagne<\/a><\/li>\n    <li><a href=\"https:\/\/irchelschuetzen.ch\/fr\/loi-sur-les-armes-en-suisse\/\" target=\"_blank\">Loi sur les armes en Suisse<\/a><\/li>\n    <li><a href=\"https:\/\/irchelschuetzen.ch\/fr\/conseils-astuces\/\" target=\"_blank\">Conseils et astuces<\/a><\/li>\n    <li><a href=\"https:\/\/irchelschuetzen.ch\/fr\/devenir-membre\/\" target=\"_blank\">Devenir membre<\/a><\/li>\n<\/ul>\n\n\n\n<p>Ou tu peux prendre \u00e7a sportivement et essayer \u00e0 nouveau ! \ud83d\ude09\ud83c\udfaf<\/p>","protected":false},"excerpt":{"rendered":"<p>\ud83c\udfaf Ziel verfehlt! \u2013 Diese Seite gibt es nicht \ud83d\ude32 Oops! Dieser Schuss ging leider daneben&#8230; \ud83c\udff9 Vielleicht war der Wind schuld? \ud83c\udf2c\ufe0f Oder dein Visier war nicht richtig eingestellt? &#8230; <a title=\"\ud83c\udfaf Objectif manqu\u00e9 ! - Cette page n&#039;existe pas \ud83d\ude32\" class=\"read-more\" href=\"https:\/\/irchelschuetzen.ch\/fr\/pas-la\/\" aria-label=\"En savoir plus sur \ud83c\udfaf Ziel verfehlt! \u2013 Diese Seite gibt es nicht \ud83d\ude32\">Lire la suite<\/a><\/p>","protected":false},"author":1,"featured_media":0,"parent":0,"menu_order":0,"comment_status":"closed","ping_status":"closed","template":"","meta":{"_uag_custom_page_level_css":"","footnotes":""},"class_list":["post-2353","page","type-page","status-publish"],"spectra_custom_meta":{"_edit_lock":["1741905397:1"],"_edit_last":["1"],"_aioseo_title":[null],"_aioseo_description":[null],"_aioseo_keywords":["a:0:{}"],"_aioseo_og_title":[null],"_aioseo_og_description":[null],"_aioseo_og_article_section":[""],"_aioseo_og_article_tags":["a:0:{}"],"_aioseo_twitter_title":[null],"_aioseo_twitter_description":[null],"_generate-disable-headline":["true"],"rank_math_og_content_image":["a:2:{s:5:\"check\";s:32:\"7276758a86aa6002fda45da275480f34\";s:6:\"images\";a:1:{i:0;i:2354;}}"],"_uag_css_file_name":["uag-css-2353.css"],"_uag_page_assets":["a:9:{s:3:\"css\";s:260:\".uag-blocks-common-selector{z-index:var(--z-index-desktop) !important}@media(max-width: 976px){.uag-blocks-common-selector{z-index:var(--z-index-tablet) !important}}@media(max-width: 767px){.uag-blocks-common-selector{z-index:var(--z-index-mobile) !important}}\";s:2:\"js\";s:0:\"\";s:18:\"current_block_list\";a:11:{i:0;s:9:\"core\/html\";i:1;s:10:\"core\/image\";i:2;s:14:\"core\/paragraph\";i:3;s:12:\"core\/heading\";i:4;s:10:\"core\/group\";i:5;s:12:\"core\/columns\";i:6;s:11:\"core\/column\";i:7;s:9:\"core\/list\";i:9;s:14:\"core\/list-item\";i:12;s:14:\"core\/pullquote\";i:13;s:9:\"core\/code\";}s:8:\"uag_flag\";b:0;s:11:\"uag_version\";s:10:\"1776823154\";s:6:\"gfonts\";a:0:{}s:10:\"gfonts_url\";s:0:\"\";s:12:\"gfonts_files\";a:0:{}s:14:\"uag_faq_layout\";b:0;}"]},"uagb_featured_image_src":{"full":false,"thumbnail":false,"medium":false,"medium_large":false,"large":false,"1536x1536":false,"2048x2048":false,"trp-custom-language-flag":false},"uagb_author_info":{"display_name":"irchel-admin","author_link":"https:\/\/irchelschuetzen.ch\/fr\/author\/admin\/"},"uagb_comment_info":0,"uagb_excerpt":"\ud83c\udfaf Ziel verfehlt! \u2013 Diese Seite gibt es nicht \ud83d\ude32 Oops! Dieser Schuss ging leider daneben&#8230; \ud83c\udff9 Vielleicht war der Wind schuld? \ud83c\udf2c\ufe0f Oder dein Visier war nicht richtig eingestellt? ... Lire la suite","_links":{"self":[{"href":"https:\/\/irchelschuetzen.ch\/fr\/wp-json\/wp\/v2\/pages\/2353","targetHints":{"allow":["GET"]}}],"collection":[{"href":"https:\/\/irchelschuetzen.ch\/fr\/wp-json\/wp\/v2\/pages"}],"about":[{"href":"https:\/\/irchelschuetzen.ch\/fr\/wp-json\/wp\/v2\/types\/page"}],"author":[{"embeddable":true,"href":"https:\/\/irchelschuetzen.ch\/fr\/wp-json\/wp\/v2\/users\/1"}],"replies":[{"embeddable":true,"href":"https:\/\/irchelschuetzen.ch\/fr\/wp-json\/wp\/v2\/comments?post=2353"}],"version-history":[{"count":3,"href":"https:\/\/irchelschuetzen.ch\/fr\/wp-json\/wp\/v2\/pages\/2353\/revisions"}],"predecessor-version":[{"id":2410,"href":"https:\/\/irchelschuetzen.ch\/fr\/wp-json\/wp\/v2\/pages\/2353\/revisions\/2410"}],"wp:attachment":[{"href":"https:\/\/irchelschuetzen.ch\/fr\/wp-json\/wp\/v2\/media?parent=2353"}],"curies":[{"name":"wp","href":"https:\/\/api.w.org\/{rel}","templated":true}]}}