{"id":2320,"date":"2025-03-06T01:36:21","date_gmt":"2025-03-06T00:36:21","guid":{"rendered":"https:\/\/irchelschuetzen.ch\/?page_id=2320"},"modified":"2026-03-20T15:32:43","modified_gmt":"2026-03-20T14:32:43","slug":"declaration-de-protection-des-donnees","status":"publish","type":"page","link":"https:\/\/irchelschuetzen.ch\/fr\/declaration-de-protection-des-donnees\/","title":{"rendered":"D\u00e9claration de protection des donn\u00e9es - Irchelsch\u00fctzen Berg-Buch"},"content":{"rendered":"<h2 class=\"wp-block-heading\"><strong>1. indications g\u00e9n\u00e9rales<\/strong><\/h2>\n\n\n\n<p>Les exploitants de ce site web, les <strong>Irchelsch\u00fctzen Berg-Buch<\/strong>Nous prenons la protection de tes donn\u00e9es personnelles tr\u00e8s au s\u00e9rieux. Nous traitons tes donn\u00e9es personnelles de mani\u00e8re confidentielle et conform\u00e9ment aux dispositions l\u00e9gales en mati\u00e8re de protection des donn\u00e9es et \u00e0 la pr\u00e9sente d\u00e9claration de protection des donn\u00e9es.<\/p>\n\n\n\n<p>Cette d\u00e9claration de confidentialit\u00e9 t'informe sur les <strong>les informations que nous collectons, la mani\u00e8re dont nous les utilisons et les droits dont tu disposes<\/strong>.<\/p>\n\n\n\n<h3 class=\"wp-block-heading\"><strong>Entit\u00e9 responsable :<\/strong><\/h3>\n\n\n\n<p><strong>Irchelsch\u00fctzen Berg-Buch<\/strong><br>Grossenacker 2<br>8415 Berg am Irchel<br>Suisse<\/p>\n\n\n\n<p>\ud83d\udce7 <strong>Courrier \u00e9lectronique :<\/strong> <a>schuetzenmeister@irchelschuetzen.ch<\/a><br>\ud83c\udf10 <strong>Site web :<\/strong> <a href=\"https:\/\/irchelschuetzen.ch\/fr\/\" target=\"_blank\" rel=\"noopener noreferrer nofollow\">www.irchelschuetzen.ch<\/a><\/p>\n\n\n\n<h2 class=\"wp-block-heading\"><strong>2) la collecte et le stockage des donn\u00e9es \u00e0 caract\u00e8re personnel<\/strong><\/h2>\n\n\n\n<p>Nous collectons des donn\u00e9es lorsque tu visites notre site web, lorsque tu utilises notre formulaire de contact ou lorsque tu t'int\u00e9resses \u00e0 l'adh\u00e9sion. Les donn\u00e9es collect\u00e9es peuvent inclure les \u00e9l\u00e9ments suivants :<\/p>\n\n\n\n<h3 class=\"wp-block-heading\"><strong>Donn\u00e9es collect\u00e9es automatiquement (fichiers journaux du serveur)<\/strong><\/h3>\n\n\n\n<p>Lorsque vous visitez ce site web, notre serveur web enregistre automatiquement les informations suivantes <strong>Donn\u00e9es du journal<\/strong>dont :<\/p>\n\n\n\n<ul class=\"wp-block-list\">\n<li>Pages visit\u00e9es<\/li>\n\n\n\n<li>date et heure de l'acc\u00e8s<\/li>\n\n\n\n<li>Adresse IP (anonymis\u00e9e)<\/li>\n\n\n\n<li>Type et version du navigateur<\/li>\n\n\n\n<li>Syst\u00e8me d'exploitation<\/li>\n<\/ul>\n\n\n\n<p>Ces donn\u00e9es servent \u00e0 <strong>S\u00e9curit\u00e9 du site web<\/strong> et le <strong>Optimisation de notre offre<\/strong>. Elles ne sont pas utilis\u00e9es pour identifier des personnes individuelles.<\/p>\n\n\n\n<h3 class=\"wp-block-heading\"><strong>Donn\u00e9es que tu indiques activement<\/strong><\/h3>\n\n\n\n<p>Si tu nous envoies un <strong>E-mail, formulaire de contact ou inscription en tant que membre<\/strong> nous enregistrons les donn\u00e9es que tu nous as fournies (par ex. nom, e-mail, num\u00e9ro de t\u00e9l\u00e9phone) afin de pouvoir traiter ta demande.<\/p>\n\n\n\n<h2 class=\"wp-block-heading\"><strong>3. utilisation de cookies<\/strong><\/h2>\n\n\n\n<p>Notre site web utilise <strong>Cookies<\/strong>afin d'optimiser l'utilisation. Les cookies sont de petits fichiers texte qui sont enregistr\u00e9s sur ton appareil et qui contiennent des informations.<\/p>\n\n\n\n<p>\ud83d\udd39 <strong>Cookies essentiels :<\/strong> N\u00e9cessaire au fonctionnement du site web<br>\ud83d\udd39 <strong>Cookies analytiques (par exemple Google Analytics, s'il est utilis\u00e9) :<\/strong> nous aident \u00e0 comprendre comment les visiteurs utilisent notre site<br>\ud83d\udd39 <strong>M\u00e9dias externes :<\/strong> servir \u00e0 l'int\u00e9gration de services tels que YouTube ou Google Maps<\/p>\n\n\n\n<p>Tu peux d\u00e9sactiver les cookies dans les param\u00e8tres de ton navigateur, mais cela peut limiter les fonctionnalit\u00e9s du site.<\/p>\n\n\n\n<h2 class=\"wp-block-heading\"><strong>4. utilisation de fournisseurs tiers &amp; d'outils<\/strong><\/h2>\n\n\n\n<p>Nous utilisons les services de fournisseurs tiers pour am\u00e9liorer notre site web. Ces fournisseurs peuvent collecter des donn\u00e9es :<\/p>\n\n\n\n<h3 class=\"wp-block-heading\"><strong>\ud83d\udd39 Google Maps<\/strong><\/h3>\n\n\n\n<p>Pour les donn\u00e9es de localisation, nous utilisons <strong>Google Maps<\/strong>. En utilisant cette fonction, ton adresse IP est transmise \u00e0 Google.<br>\u27a1\ufe0f <strong>Politique de confidentialit\u00e9 de Google :<\/strong> <a>D\u00e9claration de confidentialit\u00e9 de Google<\/a><\/p>\n\n\n\n<h3 class=\"wp-block-heading\"><strong>\ud83d\udd39 YouTube<\/strong><\/h3>\n\n\n\n<p>Notre site peut int\u00e9grer des vid\u00e9os YouTube. Lors de la lecture d'une vid\u00e9o, YouTube peut collecter des donn\u00e9es.<br>\u27a1\ufe0f <strong>D\u00e9claration de confidentialit\u00e9 de YouTube :<\/strong> <a>D\u00e9claration de confidentialit\u00e9 de Google<\/a><\/p>\n\n\n\n<h3 class=\"wp-block-heading\"><strong>\ud83d\udd39 Google Analytics<\/strong><\/h3>\n\n\n\n<p>Nous analysons les donn\u00e9es des visiteurs avec <strong>Google Analytics<\/strong>. Dans ce cas, les donn\u00e9es des utilisateurs sont collect\u00e9es de mani\u00e8re anonyme.<br>\u27a1\ufe0f <strong>Confidentialit\u00e9 de Google Analytics :<\/strong> <a>Google Analytics Opt-Out<\/a><\/p>\n\n\n\n<h2 class=\"wp-block-heading\"><strong>5. dur\u00e9e de conservation &amp; effacement des donn\u00e9es<\/strong><\/h2>\n\n\n\n<p>Nous conservons les donn\u00e9es personnelles <strong>uniquement pendant la dur\u00e9e n\u00e9cessaire \u00e0 la r\u00e9alisation de l'objectif en question<\/strong> ou s'il existe des obligations l\u00e9gales de conservation.<\/p>\n\n\n\n<h2 class=\"wp-block-heading\"><strong>6. tes droits<\/strong><\/h2>\n\n\n\n<p>Tu as les droits suivants concernant tes donn\u00e9es :<br>\u2705 <strong>Droit d'acc\u00e8s<\/strong> - Quelles sont les donn\u00e9es que nous conservons \u00e0 ton sujet ?<br>\u2705 <strong>Droit de rectification<\/strong> - Si les donn\u00e9es sont erron\u00e9es, tu peux demander \u00e0 ce qu'elles soient corrig\u00e9es.<br>\u2705 <strong>Droit \u00e0 l'effacement<\/strong> - Tu peux demander la suppression de tes donn\u00e9es personnelles.<br>\u2705 <strong>Droit d'opposition<\/strong> - Tu peux t'opposer au traitement de tes donn\u00e9es.<\/p>\n\n\n\n<p>Veuillez adresser vos demandes \u00e0 ce sujet \u00e0 : admin@irchelschuetzen.ch<\/p>\n\n\n\n<h2 class=\"wp-block-heading\"><strong>7. modifications de la pr\u00e9sente d\u00e9claration de confidentialit\u00e9<\/strong><\/h2>\n\n\n\n<p>Nous nous r\u00e9servons le droit de modifier la pr\u00e9sente d\u00e9claration de confidentialit\u00e9 <strong>\u00e0 adapter<\/strong>Si les dispositions l\u00e9gales ou notre offre sont modifi\u00e9es, nous vous en informerons par \u00e9crit.<\/p>\n\n\n\n<p>\ud83d\udcc6 <strong>Mise \u00e0 jour : mars 2024<\/strong><\/p>","protected":false},"excerpt":{"rendered":"<p>1. informations g\u00e9n\u00e9rales Les exploitants de ce site Internet, Irchelsch\u00fctzen Berg-Buch, prennent tr\u00e8s au s\u00e9rieux la protection de tes donn\u00e9es personnelles. Nous traitons tes donn\u00e9es personnelles de mani\u00e8re confidentielle et conform\u00e9ment aux dispositions l\u00e9gales en mati\u00e8re de protection des donn\u00e9es ainsi ... <a title=\"D\u00e9claration de protection des donn\u00e9es - Irchelsch\u00fctzen Berg-Buch\" class=\"read-more\" href=\"https:\/\/irchelschuetzen.ch\/fr\/declaration-de-protection-des-donnees\/\" aria-label=\"En savoir plus sur D\u00e9claration de confidentialit\u00e9 - Irchelsch\u00fctzen Berg-Buch\">Lire la suite<\/a><\/p>","protected":false},"author":1,"featured_media":0,"parent":0,"menu_order":0,"comment_status":"closed","ping_status":"closed","template":"","meta":{"_uag_custom_page_level_css":"","footnotes":""},"class_list":["post-2320","page","type-page","status-publish"],"spectra_custom_meta":{"_edit_lock":["1748519612:1"],"_edit_last":["1"],"_aioseo_title":["#post_title"],"_aioseo_description":["Erfahre, wie wir deine Daten auf irchelschuetzen.ch sch\u00fctzen. Alle Infos zu Datenerhebung, Cookies, Drittanbietern &amp; deinen Rechten im Datenschutz."],"_aioseo_keywords":["a:0:{}"],"_aioseo_og_title":[null],"_aioseo_og_description":[null],"_aioseo_og_article_section":[""],"_aioseo_og_article_tags":["a:0:{}"],"_aioseo_twitter_title":[null],"_aioseo_twitter_description":[null],"rank_math_internal_links_processed":["1"],"_uag_css_file_name":["uag-css-2320.css"],"_uag_page_assets":["a:9:{s:3:\"css\";s:263:\".uag-blocks-common-selector{z-index:var(--z-index-desktop) !important}@media (max-width: 976px){.uag-blocks-common-selector{z-index:var(--z-index-tablet) !important}}@media (max-width: 767px){.uag-blocks-common-selector{z-index:var(--z-index-mobile) !important}}\n\";s:2:\"js\";s:0:\"\";s:18:\"current_block_list\";a:10:{i:0;s:12:\"core\/heading\";i:1;s:14:\"core\/paragraph\";i:2;s:9:\"core\/list\";i:3;s:14:\"core\/list-item\";i:4;s:10:\"core\/group\";i:5;s:12:\"core\/columns\";i:6;s:11:\"core\/column\";i:9;s:14:\"core\/pullquote\";i:10;s:9:\"core\/code\";i:11;s:10:\"core\/image\";}s:8:\"uag_flag\";b:0;s:11:\"uag_version\";s:10:\"1775010099\";s:6:\"gfonts\";a:0:{}s:10:\"gfonts_url\";s:0:\"\";s:12:\"gfonts_files\";a:0:{}s:14:\"uag_faq_layout\";b:0;}"],"_uagb_previous_block_counts":["a:90:{s:21:\"uagb\/advanced-heading\";i:0;s:15:\"uagb\/blockquote\";i:0;s:12:\"uagb\/buttons\";i:0;s:18:\"uagb\/buttons-child\";i:0;s:19:\"uagb\/call-to-action\";i:0;s:15:\"uagb\/cf7-styler\";i:0;s:11:\"uagb\/column\";i:0;s:12:\"uagb\/columns\";i:0;s:14:\"uagb\/container\";i:0;s:21:\"uagb\/content-timeline\";i:0;s:27:\"uagb\/content-timeline-child\";i:0;s:14:\"uagb\/countdown\";i:0;s:12:\"uagb\/counter\";i:0;s:8:\"uagb\/faq\";i:0;s:14:\"uagb\/faq-child\";i:0;s:10:\"uagb\/forms\";i:0;s:17:\"uagb\/forms-accept\";i:0;s:19:\"uagb\/forms-checkbox\";i:0;s:15:\"uagb\/forms-date\";i:0;s:16:\"uagb\/forms-email\";i:0;s:17:\"uagb\/forms-hidden\";i:0;s:15:\"uagb\/forms-name\";i:0;s:16:\"uagb\/forms-phone\";i:0;s:16:\"uagb\/forms-radio\";i:0;s:17:\"uagb\/forms-select\";i:0;s:19:\"uagb\/forms-textarea\";i:0;s:17:\"uagb\/forms-toggle\";i:0;s:14:\"uagb\/forms-url\";i:0;s:14:\"uagb\/gf-styler\";i:0;s:15:\"uagb\/google-map\";i:0;s:11:\"uagb\/how-to\";i:0;s:16:\"uagb\/how-to-step\";i:0;s:9:\"uagb\/icon\";i:0;s:14:\"uagb\/icon-list\";i:0;s:20:\"uagb\/icon-list-child\";i:0;s:10:\"uagb\/image\";i:0;s:18:\"uagb\/image-gallery\";i:0;s:13:\"uagb\/info-box\";i:0;s:18:\"uagb\/inline-notice\";i:0;s:11:\"uagb\/lottie\";i:0;s:21:\"uagb\/marketing-button\";i:0;s:10:\"uagb\/modal\";i:0;s:18:\"uagb\/popup-builder\";i:0;s:16:\"uagb\/post-button\";i:0;s:18:\"uagb\/post-carousel\";i:0;s:17:\"uagb\/post-excerpt\";i:0;s:14:\"uagb\/post-grid\";i:0;s:15:\"uagb\/post-image\";i:0;s:17:\"uagb\/post-masonry\";i:0;s:14:\"uagb\/post-meta\";i:0;s:18:\"uagb\/post-taxonomy\";i:0;s:18:\"uagb\/post-timeline\";i:0;s:15:\"uagb\/post-title\";i:0;s:20:\"uagb\/restaurant-menu\";i:0;s:26:\"uagb\/restaurant-menu-child\";i:0;s:11:\"uagb\/review\";i:0;s:12:\"uagb\/section\";i:0;s:14:\"uagb\/separator\";i:0;s:11:\"uagb\/slider\";i:0;s:17:\"uagb\/slider-child\";i:0;s:17:\"uagb\/social-share\";i:0;s:23:\"uagb\/social-share-child\";i:0;s:16:\"uagb\/star-rating\";i:0;s:23:\"uagb\/sure-cart-checkout\";i:0;s:22:\"uagb\/sure-cart-product\";i:0;s:15:\"uagb\/sure-forms\";i:0;s:22:\"uagb\/table-of-contents\";i:0;s:9:\"uagb\/tabs\";i:0;s:15:\"uagb\/tabs-child\";i:0;s:18:\"uagb\/taxonomy-list\";i:0;s:9:\"uagb\/team\";i:0;s:16:\"uagb\/testimonial\";i:0;s:14:\"uagb\/wp-search\";i:0;s:19:\"uagb\/instagram-feed\";i:0;s:10:\"uagb\/login\";i:0;s:17:\"uagb\/loop-builder\";i:0;s:18:\"uagb\/loop-category\";i:0;s:20:\"uagb\/loop-pagination\";i:0;s:15:\"uagb\/loop-reset\";i:0;s:16:\"uagb\/loop-search\";i:0;s:14:\"uagb\/loop-sort\";i:0;s:17:\"uagb\/loop-wrapper\";i:0;s:13:\"uagb\/register\";i:0;s:19:\"uagb\/register-email\";i:0;s:24:\"uagb\/register-first-name\";i:0;s:23:\"uagb\/register-last-name\";i:0;s:22:\"uagb\/register-password\";i:0;s:30:\"uagb\/register-reenter-password\";i:0;s:19:\"uagb\/register-terms\";i:0;s:22:\"uagb\/register-username\";i:0;}"]},"uagb_featured_image_src":{"full":false,"thumbnail":false,"medium":false,"medium_large":false,"large":false,"1536x1536":false,"2048x2048":false,"trp-custom-language-flag":false},"uagb_author_info":{"display_name":"irchel-admin","author_link":"https:\/\/irchelschuetzen.ch\/fr\/author\/admin\/"},"uagb_comment_info":0,"uagb_excerpt":"1. Allgemeine Hinweise Die Betreiber dieser Website, die Irchelsch\u00fctzen Berg-Buch, nehmen den Schutz deiner pers\u00f6nlichen Daten sehr ernst. Wir behandeln deine personenbezogenen Daten vertraulich und entsprechend der gesetzlichen Datenschutzvorschriften sowie ... Lire la suite","_links":{"self":[{"href":"https:\/\/irchelschuetzen.ch\/fr\/wp-json\/wp\/v2\/pages\/2320","targetHints":{"allow":["GET"]}}],"collection":[{"href":"https:\/\/irchelschuetzen.ch\/fr\/wp-json\/wp\/v2\/pages"}],"about":[{"href":"https:\/\/irchelschuetzen.ch\/fr\/wp-json\/wp\/v2\/types\/page"}],"author":[{"embeddable":true,"href":"https:\/\/irchelschuetzen.ch\/fr\/wp-json\/wp\/v2\/users\/1"}],"replies":[{"embeddable":true,"href":"https:\/\/irchelschuetzen.ch\/fr\/wp-json\/wp\/v2\/comments?post=2320"}],"version-history":[{"count":1,"href":"https:\/\/irchelschuetzen.ch\/fr\/wp-json\/wp\/v2\/pages\/2320\/revisions"}],"predecessor-version":[{"id":2321,"href":"https:\/\/irchelschuetzen.ch\/fr\/wp-json\/wp\/v2\/pages\/2320\/revisions\/2321"}],"wp:attachment":[{"href":"https:\/\/irchelschuetzen.ch\/fr\/wp-json\/wp\/v2\/media?parent=2320"}],"curies":[{"name":"wp","href":"https:\/\/api.w.org\/{rel}","templated":true}]}}