{"id":1146,"date":"2019-09-06T21:34:42","date_gmt":"2019-09-06T19:34:42","guid":{"rendered":"https:\/\/www.irchelschuetzen.ch\/?page_id=1146"},"modified":"2026-03-20T15:32:43","modified_gmt":"2026-03-20T14:32:43","slug":"loi-sur-les-armes","status":"publish","type":"page","link":"https:\/\/irchelschuetzen.ch\/fr\/loi-sur-les-armes\/","title":{"rendered":"Loi sur les armes en Suisse"},"content":{"rendered":"<div class=\"waffengesetz-banner\">\n    <div class=\"waffengesetz-content\">\n        <div class=\"swiss-cross\">\u271a<\/div>\n        <h1>\ud83d\udcdc Loi sur les armes en Suisse - Aper\u00e7u de toutes les dispositions actuelles<\/h1>\n    <\/div>\n<\/div>\n\n<style>\n    .waffengesetz-banner {\n        background-color: #d32f2f; \/* Kr\u00e4ftiges Rot *\/\n        color: white;\n        text-align: center;\n        padding: 20px;\n        display: flex;\n        align-items: center;\n        justify-content: center;\n        gap: 15px;\n        font-size: 18px;\n        font-weight: bold;\n        border-radius: 5px;\n        width: 100%;\n        max-width: 100%;\n        box-shadow: 0 4px 10px rgba(0, 0, 0, 0.2);\n    }\n\n    .waffengesetz-content {\n        display: flex;\n        align-items: center;\n        gap: 10px;\n    }\n\n    .swiss-cross {\n        font-size: 30px;\n        font-weight: bold;\n    }\n\n    .waffengesetz-banner h1 {\n        font-size: 24px;\n        margin: 0;\n        font-weight: bold;\n    }\n\n    @media (max-width: 768px) {\n        .waffengesetz-banner {\n            font-size: 16px;\n            padding: 15px;\n        }\n        .swiss-cross {\n            font-size: 24px;\n        }\n        .waffengesetz-banner h1 {\n            font-size: 20px;\n        }\n    }\n<\/style>\n\n\n\n<hr class=\"wp-block-separator has-alpha-channel-opacity\"\/>\n\n\n\n<p>Le site <strong>Loi suisse sur les armes<\/strong> r\u00e9git l'acquisition, la d\u00e9tention et le maniement des armes et des munitions. Depuis la modification de la loi le <strong>15 ao\u00fbt 2019<\/strong> de nouvelles dispositions s'appliquent, notamment pour <strong>armes semi-automatiques \u00e0 grande capacit\u00e9 de chargeurs<\/strong>.<\/p>\n\n\n\n<hr class=\"wp-block-separator has-alpha-channel-opacity\"\/>\n\n\n\n<h2 class=\"wp-block-heading\"><strong>\u2696\ufe0f Acquisition d'armes semi-automatiques<\/strong><\/h2>\n\n\n\n<p>Pour le <strong>Acquisition d'armes \u00e0 feu centrales semi-automatiques \u00e0 grande capacit\u00e9 de chargeurs<\/strong> il faut tenir compte des points suivants :<\/p>\n\n\n\n<ul class=\"wp-block-list\">\n<li>\ud83c\udfc5 <strong>Tireurs sportifs &amp; collectionneurs d'armes<\/strong> ont besoin d'une <strong>autorisation exceptionnelle cantonale<\/strong>.<\/li>\n\n\n\n<li>\ud83d\udcc4 Le <strong>Le permis d'acquisition d'armes ne suffit pas<\/strong> - au lieu de cela, une d\u00e9rogation sp\u00e9cifique doit \u00eatre obtenue.<\/li>\n<\/ul>\n\n\n\n<p>\ud83d\udccc <strong>Plus d'infos &amp; formulaires :<\/strong><br>\ud83d\udd17 <a href=\"https:\/\/www.zh.ch\/de\/sicherheit-justiz\/delikte-praevention\/waffen.html\" target=\"_blank\" rel=\"noreferrer noopener\">Police cantonale de Zurich - Armes<\/a><\/p>\n\n\n\n<hr class=\"wp-block-separator has-alpha-channel-opacity\"\/>\n\n\n\n<h2 class=\"wp-block-heading\"><strong>\ud83c\udfaf Preuve de l'activit\u00e9 de tir pour les tireurs sportifs<\/strong><\/h2>\n\n\n\n<p>Afin d'acqu\u00e9rir et de conserver l\u00e9galement certaines armes, les tireurs sportifs doivent pr\u00e9senter leurs <strong>D\u00e9montrer l'activit\u00e9 de tir<\/strong>:<\/p>\n\n\n\n<ul class=\"wp-block-list\">\n<li>\ud83d\udd04 <strong>Au moins cinq manifestations de tir en cinq ans<\/strong><\/li>\n\n\n\n<li>\ud83d\udcd8 La preuve est apport\u00e9e par un <strong>Livret de tir ou livret de performances militaires (LPM)<\/strong><\/li>\n<\/ul>\n\n\n\n<p>\ud83d\udccc <strong>Plus d'informations aupr\u00e8s de l'Office f\u00e9d\u00e9ral de la police (fedpol) :<\/strong><br>\ud83d\udd17 <a href=\"https:\/\/www.fedpol.admin.ch\/fedpol\/de\/home\/sicherheit\/waffen.html\" target=\"_blank\" rel=\"noreferrer noopener\">Office f\u00e9d\u00e9ral de la police - Armes<\/a><\/p>\n\n\n\n<hr class=\"wp-block-separator has-alpha-channel-opacity\"\/>\n\n\n\n<h2 class=\"wp-block-heading\"><strong>\ud83d\udee0\ufe0f Acquisition &amp; possession d'armes en Suisse<\/strong><\/h2>\n\n\n\n<p>Selon le type d'arme, des r\u00e8gles diff\u00e9rentes s'appliquent <strong>exigences l\u00e9gales<\/strong>:<\/p>\n\n\n\n<ul class=\"wp-block-list\">\n<li>\u2705 <strong>Permis d'acquisition d'armes requis<\/strong> - par exemple pour <strong>Pistolets &amp; carabines \u00e0 r\u00e9p\u00e9tition<\/strong><\/li>\n\n\n\n<li>\u26a0\ufe0f <strong>Autorisation exceptionnelle requise<\/strong> - par exemple pour <strong>armes semi-automatiques \u00e0 grande capacit\u00e9 de chargeurs<\/strong><\/li>\n\n\n\n<li>\ud83d\udd13 <strong>Pas de bon d'achat n\u00e9cessaire<\/strong> - par exemple pour <strong>certaines armes \u00e0 air comprim\u00e9 ou armes d'ordonnance anciennement militaires<\/strong><\/li>\n<\/ul>\n\n\n\n<p>\ud83d\udccc <strong>Informations d\u00e9taill\u00e9es sur les dispositions :<\/strong><br>\ud83d\udd17 <a href=\"https:\/\/www.fedpol.admin.ch\/fedpol\/de\/home\/sicherheit\/waffen.html\" target=\"_blank\" rel=\"noreferrer noopener\">L\u00e9gislation suisse sur les armes - Office f\u00e9d\u00e9ral de la police<\/a><\/p>\n\n\n\n<hr class=\"wp-block-separator has-alpha-channel-opacity\"\/>\n\n\n\n<h2 class=\"wp-block-heading\"><strong>\ud83d\udcde Plus d'informations &amp; contact<\/strong><\/h2>\n\n\n\n<p>Si tu as des questions ou si tu as besoin d'aide, adresse-toi aux autorit\u00e9s comp\u00e9tentes :<\/p>\n\n\n\n<ul class=\"wp-block-list\">\n<li><strong>\ud83d\udc6e\u200d\u2642\ufe0f Police cantonale de Zurich (domaine des armes)<\/strong><br>\ud83d\udd17 <a href=\"https:\/\/www.zh.ch\/de\/sicherheit-justiz\/delikte-praevention\/waffen.html\" target=\"_blank\" rel=\"noreferrer noopener\">Police cantonale de Zurich - Armes<\/a><\/li>\n\n\n\n<li><strong>\ud83c\udfdb\ufe0f Office f\u00e9d\u00e9ral de la police (fedpol) - Droit suisse sur les armes<\/strong><br>\ud83d\udd17 <a href=\"https:\/\/www.fedpol.admin.ch\/fedpol\/de\/home\/sicherheit\/waffen.html\" target=\"_blank\" rel=\"noreferrer noopener\">Office f\u00e9d\u00e9ral de la police - Armes<\/a><\/li>\n<\/ul>\n\n\n\n<hr class=\"wp-block-separator has-alpha-channel-opacity\"\/>\n\n\n\n<p>\ud83d\udce2 <strong>Important :<\/strong> Les dispositions l\u00e9gales sont complexes - en cas d'incertitude, il est conseill\u00e9 de contacter directement les autorit\u00e9s comp\u00e9tentes. \u26a0\ufe0f<\/p>","protected":false},"excerpt":{"rendered":"<p>\u271a \ud83d\udcdc Loi suisse sur les armes - Aper\u00e7u de toutes les dispositions actuelles La loi suisse sur les armes r\u00e9git l'acquisition, la possession et le maniement des armes et des munitions. Depuis la modification de la loi le 15 ao\u00fbt 2019 ... <a title=\"Loi sur les armes en Suisse\" class=\"read-more\" href=\"https:\/\/irchelschuetzen.ch\/fr\/loi-sur-les-armes\/\" aria-label=\"En savoir plus sur Loi sur les armes Suisse\">Lire la suite<\/a><\/p>","protected":false},"author":1,"featured_media":0,"parent":0,"menu_order":0,"comment_status":"closed","ping_status":"closed","template":"","meta":{"_uag_custom_page_level_css":"","footnotes":""},"class_list":["post-1146","page","type-page","status-publish"],"spectra_custom_meta":{"_customize_changeset_uuid":["d53cd64e-ff06-4392-924d-ae5e0939d27d"],"_edit_lock":["1741705222:1"],"_edit_last":["1"],"_wp_page_template":["default"],"_aioseo_title":["#post_title 2025 #separator_sa #site_title"],"_aioseo_description":["Alles Wichtige zum Schweizer Waffengesetz: Infos zu Erwerb, Besitz &amp; Bewilligungen. Erfahre, welche Regeln f\u00fcr Sportsch\u00fctzen &amp; Waffensammler gelten!"],"_aioseo_keywords":["a:0:{}"],"_aioseo_og_title":[null],"_aioseo_og_description":[null],"_aioseo_og_article_section":[""],"_aioseo_og_article_tags":["a:0:{}"],"_aioseo_twitter_title":[null],"_aioseo_twitter_description":[null],"_generate-disable-headline":["true"],"_eael_post_view_count":["1"],"rank_math_internal_links_processed":["1"],"_uag_css_file_name":["uag-css-1146.css"],"_uagb_previous_block_counts":["a:90:{s:21:\"uagb\/advanced-heading\";i:0;s:15:\"uagb\/blockquote\";i:0;s:12:\"uagb\/buttons\";i:0;s:18:\"uagb\/buttons-child\";i:0;s:19:\"uagb\/call-to-action\";i:0;s:15:\"uagb\/cf7-styler\";i:0;s:11:\"uagb\/column\";i:0;s:12:\"uagb\/columns\";i:0;s:14:\"uagb\/container\";i:0;s:21:\"uagb\/content-timeline\";i:0;s:27:\"uagb\/content-timeline-child\";i:0;s:14:\"uagb\/countdown\";i:0;s:12:\"uagb\/counter\";i:0;s:8:\"uagb\/faq\";i:0;s:14:\"uagb\/faq-child\";i:0;s:10:\"uagb\/forms\";i:0;s:17:\"uagb\/forms-accept\";i:0;s:19:\"uagb\/forms-checkbox\";i:0;s:15:\"uagb\/forms-date\";i:0;s:16:\"uagb\/forms-email\";i:0;s:17:\"uagb\/forms-hidden\";i:0;s:15:\"uagb\/forms-name\";i:0;s:16:\"uagb\/forms-phone\";i:0;s:16:\"uagb\/forms-radio\";i:0;s:17:\"uagb\/forms-select\";i:0;s:19:\"uagb\/forms-textarea\";i:0;s:17:\"uagb\/forms-toggle\";i:0;s:14:\"uagb\/forms-url\";i:0;s:14:\"uagb\/gf-styler\";i:0;s:15:\"uagb\/google-map\";i:0;s:11:\"uagb\/how-to\";i:0;s:16:\"uagb\/how-to-step\";i:0;s:9:\"uagb\/icon\";i:0;s:14:\"uagb\/icon-list\";i:0;s:20:\"uagb\/icon-list-child\";i:0;s:10:\"uagb\/image\";i:0;s:18:\"uagb\/image-gallery\";i:0;s:13:\"uagb\/info-box\";i:0;s:18:\"uagb\/inline-notice\";i:0;s:11:\"uagb\/lottie\";i:0;s:21:\"uagb\/marketing-button\";i:0;s:10:\"uagb\/modal\";i:0;s:18:\"uagb\/popup-builder\";i:0;s:16:\"uagb\/post-button\";i:0;s:18:\"uagb\/post-carousel\";i:0;s:17:\"uagb\/post-excerpt\";i:0;s:14:\"uagb\/post-grid\";i:0;s:15:\"uagb\/post-image\";i:0;s:17:\"uagb\/post-masonry\";i:0;s:14:\"uagb\/post-meta\";i:0;s:18:\"uagb\/post-taxonomy\";i:0;s:18:\"uagb\/post-timeline\";i:0;s:15:\"uagb\/post-title\";i:0;s:20:\"uagb\/restaurant-menu\";i:0;s:26:\"uagb\/restaurant-menu-child\";i:0;s:11:\"uagb\/review\";i:0;s:12:\"uagb\/section\";i:0;s:14:\"uagb\/separator\";i:0;s:11:\"uagb\/slider\";i:0;s:17:\"uagb\/slider-child\";i:0;s:17:\"uagb\/social-share\";i:0;s:23:\"uagb\/social-share-child\";i:0;s:16:\"uagb\/star-rating\";i:0;s:23:\"uagb\/sure-cart-checkout\";i:0;s:22:\"uagb\/sure-cart-product\";i:0;s:15:\"uagb\/sure-forms\";i:0;s:22:\"uagb\/table-of-contents\";i:0;s:9:\"uagb\/tabs\";i:0;s:15:\"uagb\/tabs-child\";i:0;s:18:\"uagb\/taxonomy-list\";i:0;s:9:\"uagb\/team\";i:0;s:16:\"uagb\/testimonial\";i:0;s:14:\"uagb\/wp-search\";i:0;s:19:\"uagb\/instagram-feed\";i:0;s:10:\"uagb\/login\";i:0;s:17:\"uagb\/loop-builder\";i:0;s:18:\"uagb\/loop-category\";i:0;s:20:\"uagb\/loop-pagination\";i:0;s:15:\"uagb\/loop-reset\";i:0;s:16:\"uagb\/loop-search\";i:0;s:14:\"uagb\/loop-sort\";i:0;s:17:\"uagb\/loop-wrapper\";i:0;s:13:\"uagb\/register\";i:0;s:19:\"uagb\/register-email\";i:0;s:24:\"uagb\/register-first-name\";i:0;s:23:\"uagb\/register-last-name\";i:0;s:22:\"uagb\/register-password\";i:0;s:30:\"uagb\/register-reenter-password\";i:0;s:19:\"uagb\/register-terms\";i:0;s:22:\"uagb\/register-username\";i:0;}"],"_uag_page_assets":["a:9:{s:3:\"css\";s:260:\".uag-blocks-common-selector{z-index:var(--z-index-desktop) !important}@media(max-width: 976px){.uag-blocks-common-selector{z-index:var(--z-index-tablet) !important}}@media(max-width: 767px){.uag-blocks-common-selector{z-index:var(--z-index-mobile) !important}}\";s:2:\"js\";s:0:\"\";s:18:\"current_block_list\";a:12:{i:0;s:9:\"core\/html\";i:1;s:14:\"core\/separator\";i:2;s:14:\"core\/paragraph\";i:3;s:12:\"core\/heading\";i:4;s:9:\"core\/list\";i:5;s:14:\"core\/list-item\";i:6;s:10:\"core\/group\";i:7;s:12:\"core\/columns\";i:8;s:11:\"core\/column\";i:11;s:14:\"core\/pullquote\";i:12;s:9:\"core\/code\";i:13;s:10:\"core\/image\";}s:8:\"uag_flag\";b:0;s:11:\"uag_version\";s:10:\"1776823154\";s:6:\"gfonts\";a:0:{}s:10:\"gfonts_url\";s:0:\"\";s:12:\"gfonts_files\";a:0:{}s:14:\"uag_faq_layout\";b:0;}"]},"uagb_featured_image_src":{"full":false,"thumbnail":false,"medium":false,"medium_large":false,"large":false,"1536x1536":false,"2048x2048":false,"trp-custom-language-flag":false},"uagb_author_info":{"display_name":"irchel-admin","author_link":"https:\/\/irchelschuetzen.ch\/fr\/author\/admin\/"},"uagb_comment_info":0,"uagb_excerpt":"\u271a \ud83d\udcdc Waffengesetz Schweiz \u2013 Alle aktuellen Bestimmungen im \u00dcberblick Das Schweizer Waffengesetz regelt den Erwerb, Besitz und Umgang mit Waffen und Munition. Seit der Gesetzes\u00e4nderung am 15. August 2019 ... Lire la suite","_links":{"self":[{"href":"https:\/\/irchelschuetzen.ch\/fr\/wp-json\/wp\/v2\/pages\/1146","targetHints":{"allow":["GET"]}}],"collection":[{"href":"https:\/\/irchelschuetzen.ch\/fr\/wp-json\/wp\/v2\/pages"}],"about":[{"href":"https:\/\/irchelschuetzen.ch\/fr\/wp-json\/wp\/v2\/types\/page"}],"author":[{"embeddable":true,"href":"https:\/\/irchelschuetzen.ch\/fr\/wp-json\/wp\/v2\/users\/1"}],"replies":[{"embeddable":true,"href":"https:\/\/irchelschuetzen.ch\/fr\/wp-json\/wp\/v2\/comments?post=1146"}],"version-history":[{"count":20,"href":"https:\/\/irchelschuetzen.ch\/fr\/wp-json\/wp\/v2\/pages\/1146\/revisions"}],"predecessor-version":[{"id":2402,"href":"https:\/\/irchelschuetzen.ch\/fr\/wp-json\/wp\/v2\/pages\/1146\/revisions\/2402"}],"wp:attachment":[{"href":"https:\/\/irchelschuetzen.ch\/fr\/wp-json\/wp\/v2\/media?parent=1146"}],"curies":[{"name":"wp","href":"https:\/\/api.w.org\/{rel}","templated":true}]}}